{"id":17641,"date":"2023-06-08T16:55:40","date_gmt":"2023-06-08T14:55:40","guid":{"rendered":"https:\/\/www.uomoeambiente.com\/?post_type=product&#038;p=17641"},"modified":"2025-01-22T10:04:50","modified_gmt":"2025-01-22T08:04:50","slug":"negoziazione-e-comunicazione-efficace-per-la-gestione-della-diversita","status":"publish","type":"product","link":"https:\/\/uomoeambiente.com\/en\/corso\/negoziazione-e-comunicazione-efficace-per-la-gestione-della-diversita\/","title":{"rendered":"Negoziazione e comunicazione efficace per la gestione della diversit\u00e0"},"content":{"rendered":"<p>Una negoziazione pu\u00f2 dirsi riuscita quando tutte le parti coinvolte ne condividono il risultato. Anche in ottica di inclusione, la capacit\u00e0 negoziale del manager pu\u00f2 essere cruciale al fine di promuovere una cultura che valorizzi le diversit\u00e0 di ogni risorsa incentivando la proattivit\u00e0 dei collaboratori.<br \/>\nQuesto percorso \u00e8 destinato a chiunque desideri implementare un clima positivo e inclusivo in azienda, ai manager e ai responsabili che devono gestire gruppi eterogenei e a chiunque sia interessato ad ampliare le proprie conoscenze sui modelli negoziali.<\/p>\n","protected":false},"excerpt":{"rendered":"<p>Un buon manager deve sviluppare la capacit\u00e0 di negoziazione sia nelle relazioni di tipo verticale che in quelle di tipo orizzontale, padroneggiando i contrasti e le divergenze senza trasformarli in conflitti, instaurando un clima di dialogo e di condivisione costruttiva di idee e di opinioni.<\/p>\n","protected":false},"featured_media":21318,"template":"","meta":{"_acf_changed":false},"product_brand":[],"product_cat":[62],"product_tag":[184,185],"class_list":{"0":"post-17641","1":"product","2":"type-product","3":"status-publish","4":"has-post-thumbnail","6":"product_cat-competenze-trasversali","7":"product_tag-aula","8":"product_tag-webinar","9":"pa_tipo-erogazione-in-aula","10":"pa_tipo-erogazione-webinar","12":"first","13":"instock","14":"taxable","15":"shipping-taxable","16":"purchasable","17":"product-type-variable"},"acf":[],"_links":{"self":[{"href":"https:\/\/uomoeambiente.com\/en\/wp-json\/wp\/v2\/product\/17641","targetHints":{"allow":["GET"]}}],"collection":[{"href":"https:\/\/uomoeambiente.com\/en\/wp-json\/wp\/v2\/product"}],"about":[{"href":"https:\/\/uomoeambiente.com\/en\/wp-json\/wp\/v2\/types\/product"}],"wp:featuredmedia":[{"embeddable":true,"href":"https:\/\/uomoeambiente.com\/en\/wp-json\/wp\/v2\/media\/21318"}],"wp:attachment":[{"href":"https:\/\/uomoeambiente.com\/en\/wp-json\/wp\/v2\/media?parent=17641"}],"wp:term":[{"taxonomy":"product_brand","embeddable":true,"href":"https:\/\/uomoeambiente.com\/en\/wp-json\/wp\/v2\/product_brand?post=17641"},{"taxonomy":"product_cat","embeddable":true,"href":"https:\/\/uomoeambiente.com\/en\/wp-json\/wp\/v2\/product_cat?post=17641"},{"taxonomy":"product_tag","embeddable":true,"href":"https:\/\/uomoeambiente.com\/en\/wp-json\/wp\/v2\/product_tag?post=17641"}],"curies":[{"name":"wp","href":"https:\/\/api.w.org\/{rel}","templated":true}]}}