{"id":17733,"date":"2023-06-09T09:18:12","date_gmt":"2023-06-09T07:18:12","guid":{"rendered":"https:\/\/www.uomoeambiente.com\/?post_type=product&#038;p=17733"},"modified":"2025-02-13T18:18:45","modified_gmt":"2025-02-13T16:18:45","slug":"introduzione-alla-carbon-footprint","status":"publish","type":"product","link":"https:\/\/uomoeambiente.com\/en\/corso\/introduzione-alla-carbon-footprint\/","title":{"rendered":"Introduzione alla Carbon Footprint"},"content":{"rendered":"<p>In questo contesto, il concetto di Carbon Footprint (\u201cimpronta di carbonio\u201d) ha acquisito grande rilevanza: stimare le emissioni di gas ad effetto serra associate ad un<br \/>\nprodotto, un servizio o all\u2019attivit\u00e0 complessiva della propria organizzazione pu\u00f2 essere il primo passo per impegnarsi concretamente contro il cambiamento climatico.<br \/>\nL\u2019obiettivo del corso \u00e8 di fornire nozioni di base sulla Carbon Footprint: quali sono le principali norme di riferimento, i diversi approcci di calcolo e i principali<br \/>\nstep per valutare la propria impronta. Il corso \u00e8 rivolto a specialisti nel settore della sostenibilit\u00e0 e a tutti i manager orientati verso innovazione e sviluppo sostenibile.<\/p>\n","protected":false},"excerpt":{"rendered":"<p>Il cambiamento climatico ha implicazioni per l\u2019essere umano e per i sistemi naturali e pu\u00f2 generare impatti significativi sulla disponibilit\u00e0 delle risorse, sulle attivit\u00e0 economiche e sul benessere degli individui.<\/p>\n","protected":false},"featured_media":21106,"template":"","meta":{"_acf_changed":false},"product_brand":[],"product_cat":[146,61],"product_tag":[184,186,185],"class_list":{"0":"post-17733","1":"product","2":"type-product","3":"status-publish","4":"has-post-thumbnail","6":"product_cat-sostenibilita","7":"product_cat-sostenibilita-ambientale","8":"product_tag-aula","9":"product_tag-e-learning","10":"product_tag-webinar","11":"pa_tipo-erogazione-e-learning","12":"pa_tipo-erogazione-in-aula","13":"pa_tipo-erogazione-webinar","15":"first","16":"instock","17":"taxable","18":"shipping-taxable","19":"purchasable","20":"product-type-variable"},"acf":[],"_links":{"self":[{"href":"https:\/\/uomoeambiente.com\/en\/wp-json\/wp\/v2\/product\/17733","targetHints":{"allow":["GET"]}}],"collection":[{"href":"https:\/\/uomoeambiente.com\/en\/wp-json\/wp\/v2\/product"}],"about":[{"href":"https:\/\/uomoeambiente.com\/en\/wp-json\/wp\/v2\/types\/product"}],"wp:featuredmedia":[{"embeddable":true,"href":"https:\/\/uomoeambiente.com\/en\/wp-json\/wp\/v2\/media\/21106"}],"wp:attachment":[{"href":"https:\/\/uomoeambiente.com\/en\/wp-json\/wp\/v2\/media?parent=17733"}],"wp:term":[{"taxonomy":"product_brand","embeddable":true,"href":"https:\/\/uomoeambiente.com\/en\/wp-json\/wp\/v2\/product_brand?post=17733"},{"taxonomy":"product_cat","embeddable":true,"href":"https:\/\/uomoeambiente.com\/en\/wp-json\/wp\/v2\/product_cat?post=17733"},{"taxonomy":"product_tag","embeddable":true,"href":"https:\/\/uomoeambiente.com\/en\/wp-json\/wp\/v2\/product_tag?post=17733"}],"curies":[{"name":"wp","href":"https:\/\/api.w.org\/{rel}","templated":true}]}}