{"id":17774,"date":"2023-06-09T10:27:06","date_gmt":"2023-06-09T08:27:06","guid":{"rendered":"https:\/\/www.uomoeambiente.com\/?post_type=product&#038;p=17774"},"modified":"2025-02-13T18:22:37","modified_gmt":"2025-02-13T16:22:37","slug":"risparmio-energetico-possibili-percorsi-per-le-aziende","status":"publish","type":"product","link":"https:\/\/uomoeambiente.com\/en\/corso\/risparmio-energetico-possibili-percorsi-per-le-aziende\/","title":{"rendered":"Risparmio energetico: possibili percorsi per le aziende"},"content":{"rendered":"<p>Il corso &#8220;Risparmio energetico, possibili percorsi per le aziende&#8221; fornisce una panoramica completa su come le imprese possano ridurre i consumi energetici e migliorare l&#8217;efficienza attraverso strategie e soluzioni concrete. I partecipanti esploreranno diversi capitoli che trattano tematiche come l&#8217;analisi dei consumi energetici, le tecnologie pi\u00f9 innovative per il risparmio, la gestione sostenibile dell&#8217;energia, e gli incentivi fiscali e finanziari disponibili per le aziende. Il corso si propone di guidare le imprese verso un uso pi\u00f9 consapevole ed economico delle risorse energetiche, con un focus sulle opportunit\u00e0 di lungo periodo in termini di costi e sostenibilit\u00e0.<\/p>\n","protected":false},"excerpt":{"rendered":"<p>Un SGE pu\u00f2 apportare indubbi vantaggi energetici (una maggiore efficienza e la conseguente riduzione di consumi e costi), ma anche una serie di benefici non direttamente collegati all\u2019energia, non meno importanti.<br \/>\nQuesto corso affronta, con approccio pratico basato su casi reali, diverse possibili azioni concrete e vantaggiose che le aziende possono mettere in atto attraverso l\u2019adozione di un SGE.<br \/>\nQuesto corso \u00e8 destinato alle figure aziendali ed ai consulenti coinvolti nella gestione dei Sistemi di Gestione dell\u2019Energia.<\/p>\n<p>Adottare un Sistema di Gestione dell\u2019Energia (SGE) permette alle imprese di gestire e migliorare tutti gli aspetti energetici legati alle proprie attivit\u00e0.<\/p>\n","protected":false},"featured_media":21288,"template":"","meta":{"_acf_changed":false},"product_brand":[],"product_cat":[146,61],"product_tag":[184,186,185],"class_list":{"0":"post-17774","1":"product","2":"type-product","3":"status-publish","4":"has-post-thumbnail","6":"product_cat-sostenibilita","7":"product_cat-sostenibilita-ambientale","8":"product_tag-aula","9":"product_tag-e-learning","10":"product_tag-webinar","11":"pa_tipo-erogazione-e-learning","12":"pa_tipo-erogazione-in-aula","13":"pa_tipo-erogazione-webinar","15":"first","16":"instock","17":"taxable","18":"shipping-taxable","19":"purchasable","20":"product-type-variable"},"acf":[],"_links":{"self":[{"href":"https:\/\/uomoeambiente.com\/en\/wp-json\/wp\/v2\/product\/17774","targetHints":{"allow":["GET"]}}],"collection":[{"href":"https:\/\/uomoeambiente.com\/en\/wp-json\/wp\/v2\/product"}],"about":[{"href":"https:\/\/uomoeambiente.com\/en\/wp-json\/wp\/v2\/types\/product"}],"wp:featuredmedia":[{"embeddable":true,"href":"https:\/\/uomoeambiente.com\/en\/wp-json\/wp\/v2\/media\/21288"}],"wp:attachment":[{"href":"https:\/\/uomoeambiente.com\/en\/wp-json\/wp\/v2\/media?parent=17774"}],"wp:term":[{"taxonomy":"product_brand","embeddable":true,"href":"https:\/\/uomoeambiente.com\/en\/wp-json\/wp\/v2\/product_brand?post=17774"},{"taxonomy":"product_cat","embeddable":true,"href":"https:\/\/uomoeambiente.com\/en\/wp-json\/wp\/v2\/product_cat?post=17774"},{"taxonomy":"product_tag","embeddable":true,"href":"https:\/\/uomoeambiente.com\/en\/wp-json\/wp\/v2\/product_tag?post=17774"}],"curies":[{"name":"wp","href":"https:\/\/api.w.org\/{rel}","templated":true}]}}