{"id":17861,"date":"2023-06-09T16:20:26","date_gmt":"2023-06-09T14:20:26","guid":{"rendered":"https:\/\/www.uomoeambiente.com\/?post_type=product&#038;p=17861"},"modified":"2025-01-17T14:34:51","modified_gmt":"2025-01-17T12:34:51","slug":"root-cause-analysis-nei-sistemi-di-gestione-della-salute-e-sicurezza","status":"publish","type":"product","link":"https:\/\/uomoeambiente.com\/en\/corso\/root-cause-analysis-nei-sistemi-di-gestione-della-salute-e-sicurezza\/","title":{"rendered":"Root Cause Analysis nei sistemi di gestione della salute e sicurezza"},"content":{"rendered":"<p><strong>Descrizione del Corso:<\/strong><\/p>\n<p>Gli incidenti sul lavoro, anche quelli minori, possono avere cause complesse e spesso multiformi. Questo corso e-learning di un&#8217;ora offre una panoramica completa e pratica della Root Cause Analysis (RCA), una metodologia chiave per identificare le cause profonde degli incidenti e sviluppare azioni correttive a lungo termine. Attraverso questo corso, i partecipanti acquisiranno le competenze per riconoscere i fattori che contribuiscono a eventi indesiderati e attuare cambiamenti strutturali che riducano il rischio di futuri incidenti. Il corso si concentra anche sull&#8217;integrazione della RCA nei sistemi di gestione della salute e sicurezza, per una gestione efficace e sistematica dei rischi.<\/p>\n<p><strong>Obiettivi del Corso:<\/strong><\/p>\n<p><strong>Comprendere la Root Cause Analysis (RCA): <\/strong>Apprenderai cos&#8217;\u00e8 la Root Cause Analysis, come si differenzia da altre metodologie di analisi e come pu\u00f2 essere utilizzata per migliorare la sicurezza nei luoghi di lavoro.<\/p>\n<p><strong>Riconoscere la necessit\u00e0 di utilizzare la RCA:<\/strong> Imparerai a identificare quando \u00e8 opportuno applicare la RCA, per risalire alle cause profonde degli incidenti e non limitarsi solo a risolvere i problemi immediati.<\/p>\n<p><strong>Apprendere le principali metodologie di RCA: <\/strong>Saranno esplorate le principali tecniche di RCA, come i diagrammi di Ishikawa (Fishbone), i 5 Perch\u00e9, e l&#8217;analisi delle deviazioni, che ti permetteranno di affrontare le cause con approcci diversificati.<\/p>\n<p><strong>Seguire il processo di RCA: <\/strong>Scoprirai i passaggi fondamentali nel processo di RCA, dall&#8217;identificazione del problema alla raccolta dei dati, fino alla formulazione di soluzioni corrette e preventive.<\/p>\n<p><strong>Applicare la RCA in contesti pratici:<\/strong> Esplorerai casi studio reali e scenari pratici, acquisendo competenze nell&#8217;applicare la RCA per risolvere problemi di sicurezza e ridurre i rischi nei luoghi di lavoro.<\/p>\n<p><strong>Integrare la RCA nei sistemi di gestione della salute e sicurezza: <\/strong>Capirai come integrare la RCA in un sistema di gestione della salute e sicurezza esistente, ottimizzando le risorse per migliorare la prevenzione e la gestione dei rischi aziendali.<\/p>\n<p><strong>Conoscere le normative e le best practices:<\/strong> Il corso si concluder\u00e0 con una panoramica delle normative vigenti in materia di sicurezza sul lavoro e delle best practices per l&#8217;adozione della RCA nei sistemi di gestione aziendali.<\/p>\n","protected":false},"excerpt":{"rendered":"<p>La Root Cause Analysis, ovvero l\u2019analisi delle cause, \u00e8 il processo di analisi delle cause profonde di una non conformit\u00e0 o deviazione. La Root Cause Analysis, in un sistema di gestione per la salute e sicurezza, \u00e8 necessario per definire la causa radice che ha portato alla non conformit\u00e0 e per poter adottare un\u2019azione efficace alla prevenzione della medesima. Grazie a questo processo, l\u2019organizzazione potr\u00e0 individuare un\u2019azione correttiva o e preventiva che eliminer\u00e0 la possibilit\u00e0 di uno nuovo accadimento della stessa non conformit\u00e0.<\/p>\n","protected":false},"featured_media":21228,"template":"","meta":{"_acf_changed":false},"product_brand":[],"product_cat":[57,581],"product_tag":[184,186,185],"class_list":{"0":"post-17861","1":"product","2":"type-product","3":"status-publish","4":"has-post-thumbnail","6":"product_cat-governance-compliance-sistemi-gestione","7":"product_cat-sistemi-gestione-modelli-organizzativi","8":"product_tag-aula","9":"product_tag-e-learning","10":"product_tag-webinar","11":"pa_tipo-erogazione-e-learning","12":"pa_tipo-erogazione-in-aula","13":"pa_tipo-erogazione-webinar","15":"first","16":"instock","17":"taxable","18":"shipping-taxable","19":"purchasable","20":"product-type-variable"},"acf":[],"_links":{"self":[{"href":"https:\/\/uomoeambiente.com\/en\/wp-json\/wp\/v2\/product\/17861","targetHints":{"allow":["GET"]}}],"collection":[{"href":"https:\/\/uomoeambiente.com\/en\/wp-json\/wp\/v2\/product"}],"about":[{"href":"https:\/\/uomoeambiente.com\/en\/wp-json\/wp\/v2\/types\/product"}],"wp:featuredmedia":[{"embeddable":true,"href":"https:\/\/uomoeambiente.com\/en\/wp-json\/wp\/v2\/media\/21228"}],"wp:attachment":[{"href":"https:\/\/uomoeambiente.com\/en\/wp-json\/wp\/v2\/media?parent=17861"}],"wp:term":[{"taxonomy":"product_brand","embeddable":true,"href":"https:\/\/uomoeambiente.com\/en\/wp-json\/wp\/v2\/product_brand?post=17861"},{"taxonomy":"product_cat","embeddable":true,"href":"https:\/\/uomoeambiente.com\/en\/wp-json\/wp\/v2\/product_cat?post=17861"},{"taxonomy":"product_tag","embeddable":true,"href":"https:\/\/uomoeambiente.com\/en\/wp-json\/wp\/v2\/product_tag?post=17861"}],"curies":[{"name":"wp","href":"https:\/\/api.w.org\/{rel}","templated":true}]}}