{"id":17877,"date":"2023-06-09T16:51:05","date_gmt":"2023-06-09T14:51:05","guid":{"rendered":"https:\/\/www.uomoeambiente.com\/?post_type=product&#038;p=17877"},"modified":"2025-02-20T17:58:31","modified_gmt":"2025-02-20T15:58:31","slug":"la-gestione-dei-rifiuti-aspetti-pratici-e-requisiti-normativi","status":"publish","type":"product","link":"https:\/\/uomoeambiente.com\/en\/corso\/la-gestione-dei-rifiuti-aspetti-pratici-e-requisiti-normativi\/","title":{"rendered":"La gestione dei rifiuti: aspetti pratici e requisiti normativi"},"content":{"rendered":"<p>Il corso approfondisce le principali normative vigenti in materia di gestione dei rifiuti, offrendo definizioni chiave e criteri per la loro classificazione. Vengono analizzate le responsabilit\u00e0 legali, i divieti da rispettare e i criteri per l\u2019attribuzione del codice EER. Inoltre, il programma tratta le modalit\u00e0 di classificazione e caratterizzazione dei rifiuti e le tecniche di analisi necessarie per una corretta gestione ambientale.<\/p>\n","protected":false},"excerpt":{"rendered":"<p>Il corso fornisce una panoramica completa sui principali concetti, pratiche e normative che riguardano la gestione dei rifiuti. Durante il corso, gli studenti acquisiranno conoscenze fondamentali per comprendere le sfide associate alla gestione dei rifiuti e le migliori pratiche per affrontarle in modo efficace. Obiettivo del corso \u00e8 fornire una conoscenza approfondita dei principi e delle pratiche per una corretta gestione dei rifiuti, nonch\u00e9 delle responsabilit\u00e0 e degli obblighi legali ad essa correlati.<\/p>\n","protected":false},"featured_media":21219,"template":"","meta":{"_acf_changed":false},"product_brand":[],"product_cat":[57,582],"product_tag":[184,186,185],"class_list":{"0":"post-17877","1":"product","2":"type-product","3":"status-publish","4":"has-post-thumbnail","6":"product_cat-governance-compliance-sistemi-gestione","7":"product_cat-compliance","8":"product_tag-aula","9":"product_tag-e-learning","10":"product_tag-webinar","11":"pa_tipo-erogazione-e-learning","12":"pa_tipo-erogazione-in-aula","13":"pa_tipo-erogazione-webinar","15":"first","16":"instock","17":"taxable","18":"shipping-taxable","19":"purchasable","20":"product-type-variable"},"acf":[],"_links":{"self":[{"href":"https:\/\/uomoeambiente.com\/en\/wp-json\/wp\/v2\/product\/17877","targetHints":{"allow":["GET"]}}],"collection":[{"href":"https:\/\/uomoeambiente.com\/en\/wp-json\/wp\/v2\/product"}],"about":[{"href":"https:\/\/uomoeambiente.com\/en\/wp-json\/wp\/v2\/types\/product"}],"wp:featuredmedia":[{"embeddable":true,"href":"https:\/\/uomoeambiente.com\/en\/wp-json\/wp\/v2\/media\/21219"}],"wp:attachment":[{"href":"https:\/\/uomoeambiente.com\/en\/wp-json\/wp\/v2\/media?parent=17877"}],"wp:term":[{"taxonomy":"product_brand","embeddable":true,"href":"https:\/\/uomoeambiente.com\/en\/wp-json\/wp\/v2\/product_brand?post=17877"},{"taxonomy":"product_cat","embeddable":true,"href":"https:\/\/uomoeambiente.com\/en\/wp-json\/wp\/v2\/product_cat?post=17877"},{"taxonomy":"product_tag","embeddable":true,"href":"https:\/\/uomoeambiente.com\/en\/wp-json\/wp\/v2\/product_tag?post=17877"}],"curies":[{"name":"wp","href":"https:\/\/api.w.org\/{rel}","templated":true}]}}