{"id":19195,"date":"2023-08-25T15:22:57","date_gmt":"2023-08-25T13:22:57","guid":{"rendered":"https:\/\/www.uomoeambiente.com\/?post_type=product&#038;p=19195"},"modified":"2025-02-03T11:50:31","modified_gmt":"2025-02-03T09:50:31","slug":"la-comunicazione-assertiva","status":"publish","type":"product","link":"https:\/\/uomoeambiente.com\/en\/corso\/la-comunicazione-assertiva\/","title":{"rendered":"La comunicazione assertiva"},"content":{"rendered":"","protected":false},"excerpt":{"rendered":"<p>L\u2019assertivit\u00e0 \u00e8 saper comunicare nel modo pi\u00f9 adeguato e saper affrontare argomenti delicati con persone difficili senza comportarsi in maniera n\u00e9 passiva n\u00e9 aggressiva. Molto spesso gli ostacoli o i conflitti nei rapporti interpersonali nascono da una comunicazione mal impostata che non tiene conto delle possibili reazioni dei nostri interlocutori. Il corso intende fornire le competenze necessarie per esprimersi al meglio per migliorare la propria influenza e gestire le situazioni conflittuali, costruire relazioni efficaci favorendo un clima positivo, utilizzare l\u2019assertivit\u00e0 per poter portare avanti i propri punti di vista e le proprie idee.<\/p>\n","protected":false},"featured_media":20910,"template":"","meta":{"_acf_changed":false},"product_brand":[],"product_cat":[62],"product_tag":[184,186,185],"class_list":{"0":"post-19195","1":"product","2":"type-product","3":"status-publish","4":"has-post-thumbnail","6":"product_cat-competenze-trasversali","7":"product_tag-aula","8":"product_tag-e-learning","9":"product_tag-webinar","10":"pa_tipo-erogazione-e-learning","11":"pa_tipo-erogazione-in-aula","12":"pa_tipo-erogazione-webinar","14":"first","15":"instock","16":"taxable","17":"shipping-taxable","18":"purchasable","19":"product-type-variable"},"acf":[],"_links":{"self":[{"href":"https:\/\/uomoeambiente.com\/en\/wp-json\/wp\/v2\/product\/19195","targetHints":{"allow":["GET"]}}],"collection":[{"href":"https:\/\/uomoeambiente.com\/en\/wp-json\/wp\/v2\/product"}],"about":[{"href":"https:\/\/uomoeambiente.com\/en\/wp-json\/wp\/v2\/types\/product"}],"wp:featuredmedia":[{"embeddable":true,"href":"https:\/\/uomoeambiente.com\/en\/wp-json\/wp\/v2\/media\/20910"}],"wp:attachment":[{"href":"https:\/\/uomoeambiente.com\/en\/wp-json\/wp\/v2\/media?parent=19195"}],"wp:term":[{"taxonomy":"product_brand","embeddable":true,"href":"https:\/\/uomoeambiente.com\/en\/wp-json\/wp\/v2\/product_brand?post=19195"},{"taxonomy":"product_cat","embeddable":true,"href":"https:\/\/uomoeambiente.com\/en\/wp-json\/wp\/v2\/product_cat?post=19195"},{"taxonomy":"product_tag","embeddable":true,"href":"https:\/\/uomoeambiente.com\/en\/wp-json\/wp\/v2\/product_tag?post=19195"}],"curies":[{"name":"wp","href":"https:\/\/api.w.org\/{rel}","templated":true}]}}