{"id":19200,"date":"2023-08-25T15:27:53","date_gmt":"2023-08-25T13:27:53","guid":{"rendered":"https:\/\/www.uomoeambiente.com\/?post_type=product&#038;p=19200"},"modified":"2025-01-20T18:28:41","modified_gmt":"2025-01-20T16:28:41","slug":"come-impostare-i-propri-obiettivi-e-raggiungerli","status":"publish","type":"product","link":"https:\/\/uomoeambiente.com\/en\/corso\/come-impostare-i-propri-obiettivi-e-raggiungerli\/","title":{"rendered":"Come impostare i propri obiettivi e raggiungerli"},"content":{"rendered":"","protected":false},"excerpt":{"rendered":"<p>Il primo passo per raggiungere un obiettivo (personale, professionale, di studio o sportivo) \u00e8 dedicare un po\u2019 di tempo a comprendere esattamente in cosa consista e che cosa comporti in termini di tempo, energie e risorse.<br \/>\nCon l\u2019espressione goal setting si fa riferimento ad un insieme di operazioni atte alla definizione di uno o pi\u00f9 obiettivi. Il punto di partenza di ogni strategia di goal setting \u00e8 l\u2019individuazione di un traguardo, ovvero il risultato finale che si desidera ottenere e che determiner\u00e0 il successo di un progetto o di un percorso. Stabilire qual \u00e8 il nostro \u201cscopo ultimo\u201d, tuttavia, non \u00e8 sempre facile: per comprendere a fondo cosa si vuole raggiungere \u00e8 necessario fare un po\u2019 di autoanalisi e interrogarsi sui propri desideri, le proprie aspirazioni e le proprie motivazioni. Sapere da dove nasca il desiderio di un obiettivo, infatti, pu\u00f2 incidere fortemente sulle strategie pi\u00f9 opportune da mettere in atto per raggiungerlo. L&#8217;obiettivo di un corso sulla definizione degli obiettivi \u00e8 fornire le competenze, le conoscenze e gli strumenti necessari per definire obiettivi chiari, misurabili, realistici e temporalmente definiti in modo efficace.<\/p>\n","protected":false},"featured_media":20908,"template":"","meta":{"_acf_changed":false},"product_brand":[],"product_cat":[62],"product_tag":[184,185],"class_list":{"0":"post-19200","1":"product","2":"type-product","3":"status-publish","4":"has-post-thumbnail","6":"product_cat-competenze-trasversali","7":"product_tag-aula","8":"product_tag-webinar","9":"pa_tipo-erogazione-in-aula","10":"pa_tipo-erogazione-webinar","12":"first","13":"instock","14":"taxable","15":"shipping-taxable","16":"purchasable","17":"product-type-variable"},"acf":[],"_links":{"self":[{"href":"https:\/\/uomoeambiente.com\/en\/wp-json\/wp\/v2\/product\/19200","targetHints":{"allow":["GET"]}}],"collection":[{"href":"https:\/\/uomoeambiente.com\/en\/wp-json\/wp\/v2\/product"}],"about":[{"href":"https:\/\/uomoeambiente.com\/en\/wp-json\/wp\/v2\/types\/product"}],"wp:featuredmedia":[{"embeddable":true,"href":"https:\/\/uomoeambiente.com\/en\/wp-json\/wp\/v2\/media\/20908"}],"wp:attachment":[{"href":"https:\/\/uomoeambiente.com\/en\/wp-json\/wp\/v2\/media?parent=19200"}],"wp:term":[{"taxonomy":"product_brand","embeddable":true,"href":"https:\/\/uomoeambiente.com\/en\/wp-json\/wp\/v2\/product_brand?post=19200"},{"taxonomy":"product_cat","embeddable":true,"href":"https:\/\/uomoeambiente.com\/en\/wp-json\/wp\/v2\/product_cat?post=19200"},{"taxonomy":"product_tag","embeddable":true,"href":"https:\/\/uomoeambiente.com\/en\/wp-json\/wp\/v2\/product_tag?post=19200"}],"curies":[{"name":"wp","href":"https:\/\/api.w.org\/{rel}","templated":true}]}}