{"id":22405,"date":"2024-07-29T11:11:31","date_gmt":"2024-07-29T09:11:31","guid":{"rendered":"https:\/\/www.uomoeambiente.com\/?post_type=product&#038;p=22405"},"modified":"2025-01-23T15:17:32","modified_gmt":"2025-01-23T13:17:32","slug":"metodologia-valutazione-rischi","status":"publish","type":"product","link":"https:\/\/uomoeambiente.com\/en\/corso\/metodologia-valutazione-rischi\/","title":{"rendered":"Metodologia Valutazione Rischi"},"content":{"rendered":"","protected":false},"excerpt":{"rendered":"<p>Questo corso offre una guida completa sulle metodologie di valutazione dei rischi nei luoghi di lavoro. I partecipanti impareranno a identificare e analizzare i potenziali pericoli, valutare i rischi associati e determinare le misure di controllo pi\u00f9 appropriate. Il corso coprir\u00e0 tecniche quali l&#8217;analisi dei rischi, la valutazione delle probabilit\u00e0 e dell&#8217;impatto, e l&#8217;elaborazione di piani di mitigazione. Verranno esaminate anche le normative vigenti in materia di salute e sicurezza sul lavoro, e saranno presentati strumenti e modelli per documentare e monitorare i rischi in modo sistematico e continuo.<\/p>\n<p><span data-teams=\"true\"><i><strong>Il corso \u00e8 attivabile e personalizzabile secondo le specifiche esigenze del cliente. Per richiedere maggiori informazioni <\/strong><\/i><a id=\"menur570\" class=\"fui-Link ___1q1shib f2hkw1w f3rmtva f1ewtqcl fyind8e f1k6fduh f1w7gpdv fk6fouc fjoy568 figsok6 f1s184ao f1mk8lai fnbmjn9 f1o700av f13mvf36 f1cmlufx f9n3di6 f1ids18y f1tx3yz7 f1deo86v f1eh06m1 f1iescvh fhgqx19 f1olyrje f1p93eir f1nev41a f1h8hb77 f1lqvz6u f10aw75t fsle3fq f17ae5zn\" title=\"mailto:formazione@uomoeambiente.com\" href=\"mailto:formazione@uomoeambiente.com\" target=\"_blank\" rel=\"noreferrer noopener\" aria-label=\"Collegamento clicca qui\"><i><strong>clicca qui<\/strong><\/i><\/a><i><strong>.<\/strong><\/i><\/span><\/p>\n","protected":false},"featured_media":23947,"template":"","meta":{"_acf_changed":false},"product_brand":[],"product_cat":[288,58],"product_tag":[186],"class_list":{"0":"post-22405","1":"product","2":"type-product","3":"status-publish","4":"has-post-thumbnail","6":"product_cat-lavoratori","7":"product_cat-salute-sicurezza","8":"product_tag-e-learning","9":"pa_tipo-erogazione-e-learning","11":"first","12":"instock","13":"taxable","14":"shipping-taxable","15":"purchasable","16":"product-type-variable"},"acf":[],"_links":{"self":[{"href":"https:\/\/uomoeambiente.com\/en\/wp-json\/wp\/v2\/product\/22405","targetHints":{"allow":["GET"]}}],"collection":[{"href":"https:\/\/uomoeambiente.com\/en\/wp-json\/wp\/v2\/product"}],"about":[{"href":"https:\/\/uomoeambiente.com\/en\/wp-json\/wp\/v2\/types\/product"}],"wp:featuredmedia":[{"embeddable":true,"href":"https:\/\/uomoeambiente.com\/en\/wp-json\/wp\/v2\/media\/23947"}],"wp:attachment":[{"href":"https:\/\/uomoeambiente.com\/en\/wp-json\/wp\/v2\/media?parent=22405"}],"wp:term":[{"taxonomy":"product_brand","embeddable":true,"href":"https:\/\/uomoeambiente.com\/en\/wp-json\/wp\/v2\/product_brand?post=22405"},{"taxonomy":"product_cat","embeddable":true,"href":"https:\/\/uomoeambiente.com\/en\/wp-json\/wp\/v2\/product_cat?post=22405"},{"taxonomy":"product_tag","embeddable":true,"href":"https:\/\/uomoeambiente.com\/en\/wp-json\/wp\/v2\/product_tag?post=22405"}],"curies":[{"name":"wp","href":"https:\/\/api.w.org\/{rel}","templated":true}]}}