{"id":22426,"date":"2024-07-29T11:43:01","date_gmt":"2024-07-29T09:43:01","guid":{"rendered":"https:\/\/www.uomoeambiente.com\/?post_type=product&#038;p=22426"},"modified":"2025-01-23T15:21:48","modified_gmt":"2025-01-23T13:21:48","slug":"il-ruolo-del-dirigente-nellorganigramma","status":"publish","type":"product","link":"https:\/\/uomoeambiente.com\/en\/corso\/il-ruolo-del-dirigente-nellorganigramma\/","title":{"rendered":"Il ruolo del dirigente nell&#8217;organigramma"},"content":{"rendered":"","protected":false},"excerpt":{"rendered":"<p>Questo corso esplora le responsabilit\u00e0 e le funzioni del dirigente all&#8217;interno dell&#8217;organigramma aziendale. I partecipanti apprenderanno il ruolo cruciale del dirigente nella gestione e coordinamento delle risorse umane e materiali, e come il loro lavoro influisce sull&#8217;efficacia complessiva dell&#8217;organizzazione. Il corso coprir\u00e0 le competenze necessarie per il leadership efficace, la comunicazione strategica e la delega di compiti. Inoltre, verranno trattate le responsabilit\u00e0 relative alla sicurezza e alla conformit\u00e0 normativa, nonch\u00e9 le modalit\u00e0 di monitoraggio e valutazione delle performance dei team. Saranno inclusi casi studio e best practices per ottimizzare il ruolo del dirigente e migliorare la performance organizzativa.<\/p>\n<p><span data-teams=\"true\"><i><strong>Il corso \u00e8 attivabile e personalizzabile secondo le specifiche esigenze del cliente. Per richiedere maggiori informazioni <\/strong><\/i><a id=\"menur570\" class=\"fui-Link ___1q1shib f2hkw1w f3rmtva f1ewtqcl fyind8e f1k6fduh f1w7gpdv fk6fouc fjoy568 figsok6 f1s184ao f1mk8lai fnbmjn9 f1o700av f13mvf36 f1cmlufx f9n3di6 f1ids18y f1tx3yz7 f1deo86v f1eh06m1 f1iescvh fhgqx19 f1olyrje f1p93eir f1nev41a f1h8hb77 f1lqvz6u f10aw75t fsle3fq f17ae5zn\" title=\"mailto:formazione@uomoeambiente.com\" href=\"mailto:formazione@uomoeambiente.com\" target=\"_blank\" rel=\"noreferrer noopener\" aria-label=\"Collegamento clicca qui\"><i><strong>clicca qui<\/strong><\/i><\/a><i><strong>.<\/strong><\/i><\/span><\/p>\n","protected":false},"featured_media":23977,"template":"","meta":{"_acf_changed":false},"product_brand":[],"product_cat":[288,58],"product_tag":[186],"class_list":{"0":"post-22426","1":"product","2":"type-product","3":"status-publish","4":"has-post-thumbnail","6":"product_cat-lavoratori","7":"product_cat-salute-sicurezza","8":"product_tag-e-learning","9":"pa_tipo-erogazione-e-learning","11":"first","12":"instock","13":"taxable","14":"shipping-taxable","15":"purchasable","16":"product-type-variable"},"acf":[],"_links":{"self":[{"href":"https:\/\/uomoeambiente.com\/en\/wp-json\/wp\/v2\/product\/22426","targetHints":{"allow":["GET"]}}],"collection":[{"href":"https:\/\/uomoeambiente.com\/en\/wp-json\/wp\/v2\/product"}],"about":[{"href":"https:\/\/uomoeambiente.com\/en\/wp-json\/wp\/v2\/types\/product"}],"wp:featuredmedia":[{"embeddable":true,"href":"https:\/\/uomoeambiente.com\/en\/wp-json\/wp\/v2\/media\/23977"}],"wp:attachment":[{"href":"https:\/\/uomoeambiente.com\/en\/wp-json\/wp\/v2\/media?parent=22426"}],"wp:term":[{"taxonomy":"product_brand","embeddable":true,"href":"https:\/\/uomoeambiente.com\/en\/wp-json\/wp\/v2\/product_brand?post=22426"},{"taxonomy":"product_cat","embeddable":true,"href":"https:\/\/uomoeambiente.com\/en\/wp-json\/wp\/v2\/product_cat?post=22426"},{"taxonomy":"product_tag","embeddable":true,"href":"https:\/\/uomoeambiente.com\/en\/wp-json\/wp\/v2\/product_tag?post=22426"}],"curies":[{"name":"wp","href":"https:\/\/api.w.org\/{rel}","templated":true}]}}