{"id":23961,"date":"2024-10-31T15:35:30","date_gmt":"2024-10-31T13:35:30","guid":{"rendered":"https:\/\/www.uomoeambiente.com\/?post_type=product&#038;p=23961"},"modified":"2025-02-03T15:04:00","modified_gmt":"2025-02-03T13:04:00","slug":"movimentazione-manuale-carichi","status":"publish","type":"product","link":"https:\/\/uomoeambiente.com\/en\/corso\/movimentazione-manuale-carichi\/","title":{"rendered":"Movimentazione Manuale Carichi"},"content":{"rendered":"","protected":false},"excerpt":{"rendered":"<p>Il corso \u00e8 dedicato alla <em>movimentazione manuale dei carichi<\/em> e alla gestione dei rischi ad essa associati, con l\u2019obiettivo di garantire un ambiente di lavoro sicuro e salubre per i lavoratori. I partecipanti apprenderanno i concetti teorici legati alla movimentazione dei carichi, i fattori di rischio che possono provocare danni muscoloscheletrici e altre patologie, nonch\u00e9 le modalit\u00e0 per valutare e gestire tali rischi. Il corso si concentrer\u00e0 anche sulle misure di prevenzione e protezione da adottare per ridurre il rischio di infortuni, fornendo strumenti pratici per migliorare la sicurezza nelle operazioni quotidiane di movimentazione. Al termine del corso, i partecipanti saranno in grado di applicare le migliori pratiche per garantire il benessere fisico dei lavoratori e rispettare le normative vigenti in materia di sicurezza sul lavoro.<\/p>\n<p><span data-teams=\"true\"><i><strong>Il corso \u00e8 attivabile e personalizzabile secondo le specifiche esigenze del cliente. Per richiedere maggiori informazioni <\/strong><\/i><a id=\"menur570\" class=\"fui-Link ___1q1shib f2hkw1w f3rmtva f1ewtqcl fyind8e f1k6fduh f1w7gpdv fk6fouc fjoy568 figsok6 f1s184ao f1mk8lai fnbmjn9 f1o700av f13mvf36 f1cmlufx f9n3di6 f1ids18y f1tx3yz7 f1deo86v f1eh06m1 f1iescvh fhgqx19 f1olyrje f1p93eir f1nev41a f1h8hb77 f1lqvz6u f10aw75t fsle3fq f17ae5zn\" title=\"mailto:formazione@uomoeambiente.com\" href=\"mailto:formazione@uomoeambiente.com\" target=\"_blank\" rel=\"noreferrer noopener\" aria-label=\"Collegamento clicca qui\"><i><strong>clicca qui<\/strong><\/i><\/a><i><strong>.<\/strong><\/i><\/span><\/p>\n","protected":false},"featured_media":23962,"template":"","meta":{"_acf_changed":false},"product_brand":[],"product_cat":[58],"product_tag":[186],"class_list":{"0":"post-23961","1":"product","2":"type-product","3":"status-publish","4":"has-post-thumbnail","6":"product_cat-salute-sicurezza","7":"product_tag-e-learning","8":"pa_tipo-erogazione-e-learning","10":"first","11":"instock","12":"taxable","13":"shipping-taxable","14":"purchasable","15":"product-type-variable"},"acf":[],"_links":{"self":[{"href":"https:\/\/uomoeambiente.com\/en\/wp-json\/wp\/v2\/product\/23961","targetHints":{"allow":["GET"]}}],"collection":[{"href":"https:\/\/uomoeambiente.com\/en\/wp-json\/wp\/v2\/product"}],"about":[{"href":"https:\/\/uomoeambiente.com\/en\/wp-json\/wp\/v2\/types\/product"}],"wp:featuredmedia":[{"embeddable":true,"href":"https:\/\/uomoeambiente.com\/en\/wp-json\/wp\/v2\/media\/23962"}],"wp:attachment":[{"href":"https:\/\/uomoeambiente.com\/en\/wp-json\/wp\/v2\/media?parent=23961"}],"wp:term":[{"taxonomy":"product_brand","embeddable":true,"href":"https:\/\/uomoeambiente.com\/en\/wp-json\/wp\/v2\/product_brand?post=23961"},{"taxonomy":"product_cat","embeddable":true,"href":"https:\/\/uomoeambiente.com\/en\/wp-json\/wp\/v2\/product_cat?post=23961"},{"taxonomy":"product_tag","embeddable":true,"href":"https:\/\/uomoeambiente.com\/en\/wp-json\/wp\/v2\/product_tag?post=23961"}],"curies":[{"name":"wp","href":"https:\/\/api.w.org\/{rel}","templated":true}]}}