{"id":24450,"date":"2025-02-03T12:15:50","date_gmt":"2025-02-03T10:15:50","guid":{"rendered":"https:\/\/www.uomoeambiente.com\/?post_type=product&#038;p=24450"},"modified":"2025-02-12T16:27:51","modified_gmt":"2025-02-12T14:27:51","slug":"gdpr-formazione-avanzata","status":"publish","type":"product","link":"https:\/\/uomoeambiente.com\/en\/corso\/gdpr-formazione-avanzata\/","title":{"rendered":"GDPR: Formazione Avanzata"},"content":{"rendered":"<p>Il GDPR (Regolamento Generale sulla Protezione dei Dati) \u00e8 una normativa dell&#8217;Unione Europea che disciplina la privacy e la protezione dei dati personali. Il &#8220;corso avanzato&#8221; \u00e8 progettato per offrire una visione specialistica del GDPR ed \u00e8 rivolto a coloro che hanno gi\u00e0 una conoscenza di base e desiderano approfondire tematiche avanzate della normativa sulla protezione dei dati. L&#8217;obiettivo \u00e8 di fornire gli strumenti necessari per comprendere scenari complessi e adottare un approccio efficace nella gestione delle problematiche legate ai trattamenti maggiormente invasivi o critici. Alla fine del percorso, gli utenti avranno acquisito le conoscenze necessarie per affrontare le sfide avanzate relative alla protezione dei dati, gestendo i rischi con un approccio proattivo e applicando le disposizioni del GDPR, e di normative ad esso connesse, anche ai casi pi\u00f9 complessi. In sintesi, la formazione sul GDPR non solo educa il personale, ma lo coinvolge attivamente: investire nella formazione continua\u00a0significa investire nella sostenibilit\u00e0 e nella reputazione a lungo termine di qualsiasi organizzazione.<\/p>\n","protected":false},"excerpt":{"rendered":"<p><span data-ccp-props=\"{}\">\u00a0<\/span><span data-contrast=\"auto\">Il corso avanzato offre una panoramica approfondita del Regolamento Generale sulla Protezione dei Dati (GDPR) fornendo le conoscenze specifiche per comprendere e affrontare scenari complessi legati al trattamento dei dati personali. Progettato per coinvolgere e sensibilizzare le risorse chiave, richiede un impegno continuo per favorire lo sviluppo di una cultura aziendale orientata alla protezione del patrimonio informativo.<\/span><span data-ccp-props=\"{}\">\u00a0<\/span><\/p>\n","protected":false},"featured_media":24455,"template":"","meta":{"_acf_changed":false},"product_brand":[],"product_cat":[58],"product_tag":[184,185],"class_list":{"0":"post-24450","1":"product","2":"type-product","3":"status-publish","4":"has-post-thumbnail","6":"product_cat-salute-sicurezza","7":"product_tag-aula","8":"product_tag-webinar","9":"pa_tipo-erogazione-in-aula","10":"pa_tipo-erogazione-webinar","12":"first","13":"instock","14":"taxable","15":"shipping-taxable","16":"purchasable","17":"product-type-variable"},"acf":[],"_links":{"self":[{"href":"https:\/\/uomoeambiente.com\/en\/wp-json\/wp\/v2\/product\/24450","targetHints":{"allow":["GET"]}}],"collection":[{"href":"https:\/\/uomoeambiente.com\/en\/wp-json\/wp\/v2\/product"}],"about":[{"href":"https:\/\/uomoeambiente.com\/en\/wp-json\/wp\/v2\/types\/product"}],"wp:featuredmedia":[{"embeddable":true,"href":"https:\/\/uomoeambiente.com\/en\/wp-json\/wp\/v2\/media\/24455"}],"wp:attachment":[{"href":"https:\/\/uomoeambiente.com\/en\/wp-json\/wp\/v2\/media?parent=24450"}],"wp:term":[{"taxonomy":"product_brand","embeddable":true,"href":"https:\/\/uomoeambiente.com\/en\/wp-json\/wp\/v2\/product_brand?post=24450"},{"taxonomy":"product_cat","embeddable":true,"href":"https:\/\/uomoeambiente.com\/en\/wp-json\/wp\/v2\/product_cat?post=24450"},{"taxonomy":"product_tag","embeddable":true,"href":"https:\/\/uomoeambiente.com\/en\/wp-json\/wp\/v2\/product_tag?post=24450"}],"curies":[{"name":"wp","href":"https:\/\/api.w.org\/{rel}","templated":true}]}}