{"id":25259,"date":"2025-06-27T12:12:00","date_gmt":"2025-06-27T10:12:00","guid":{"rendered":"https:\/\/www.uomoeambiente.com\/?post_type=product&#038;p=25259"},"modified":"2025-06-27T12:12:00","modified_gmt":"2025-06-27T10:12:00","slug":"limportanza-strategica-della-rendicontazione-in-materia-di-sostenibilita","status":"publish","type":"product","link":"https:\/\/uomoeambiente.com\/en\/corso\/limportanza-strategica-della-rendicontazione-in-materia-di-sostenibilita\/","title":{"rendered":"L&#8217;importanza strategica della rendicontazione in materia di sostenibilit\u00e0"},"content":{"rendered":"<p>Il corso approfondisce il ruolo strategico della rendicontazione di sostenibilit\u00e0 per le imprese, analizzando come essa influisca su reputazione e competitivit\u00e0. Illustra passo dopo passo la costruzione di un bilancio di sostenibilit\u00e0, contestualizzandolo nel quadro normativo e operativo attuale. Infine, presenta casi studio concreti per comprendere meglio le applicazioni reali e le buone pratiche.<\/p>\n","protected":false},"excerpt":{"rendered":"<p>Il corso esplora il valore strategico della rendicontazione di sostenibilit\u00e0 e guida alla redazione del bilancio attraverso esempi pratici.<\/p>\n","protected":false},"featured_media":25263,"template":"","meta":{"_acf_changed":false},"product_brand":[],"product_cat":[596,146],"product_tag":[184,186,185],"class_list":{"0":"post-25259","1":"product","2":"type-product","3":"status-publish","4":"has-post-thumbnail","6":"product_cat-comunicazione-sostenibile","7":"product_cat-sostenibilita","8":"product_tag-aula","9":"product_tag-e-learning","10":"product_tag-webinar","11":"pa_tipo-erogazione-e-learning","12":"pa_tipo-erogazione-in-aula","13":"pa_tipo-erogazione-webinar","15":"first","16":"instock","17":"taxable","18":"shipping-taxable","19":"purchasable","20":"product-type-variable"},"acf":[],"_links":{"self":[{"href":"https:\/\/uomoeambiente.com\/en\/wp-json\/wp\/v2\/product\/25259","targetHints":{"allow":["GET"]}}],"collection":[{"href":"https:\/\/uomoeambiente.com\/en\/wp-json\/wp\/v2\/product"}],"about":[{"href":"https:\/\/uomoeambiente.com\/en\/wp-json\/wp\/v2\/types\/product"}],"wp:featuredmedia":[{"embeddable":true,"href":"https:\/\/uomoeambiente.com\/en\/wp-json\/wp\/v2\/media\/25263"}],"wp:attachment":[{"href":"https:\/\/uomoeambiente.com\/en\/wp-json\/wp\/v2\/media?parent=25259"}],"wp:term":[{"taxonomy":"product_brand","embeddable":true,"href":"https:\/\/uomoeambiente.com\/en\/wp-json\/wp\/v2\/product_brand?post=25259"},{"taxonomy":"product_cat","embeddable":true,"href":"https:\/\/uomoeambiente.com\/en\/wp-json\/wp\/v2\/product_cat?post=25259"},{"taxonomy":"product_tag","embeddable":true,"href":"https:\/\/uomoeambiente.com\/en\/wp-json\/wp\/v2\/product_tag?post=25259"}],"curies":[{"name":"wp","href":"https:\/\/api.w.org\/{rel}","templated":true}]}}