{"id":25846,"date":"2025-12-18T16:55:17","date_gmt":"2025-12-18T14:55:17","guid":{"rendered":"https:\/\/www.uomoeambiente.com\/?post_type=product&#038;p=25846"},"modified":"2025-12-18T17:17:02","modified_gmt":"2025-12-18T15:17:02","slug":"formazione-per-dirigenti","status":"publish","type":"product","link":"https:\/\/uomoeambiente.com\/en\/corso\/formazione-per-dirigenti\/","title":{"rendered":"Formazione per Dirigenti"},"content":{"rendered":"<p>Il corso approfondisce il sistema di prevenzione aziendale e il ruolo del Dirigente nella gestione della sicurezza. I contenuti includono il quadro normativo di riferimento, i soggetti del sistema di prevenzione, l\u2019organizzazione e gestione della sicurezza, la valutazione dei rischi e l\u2019adozione delle misure di prevenzione e protezione. Ampio spazio \u00e8 dedicato ai modelli organizzativi, alla gestione della documentazione, alla vigilanza e al controllo delle attivit\u00e0 lavorative, nonch\u00e9 alla comunicazione e al coordinamento con le altre figure della sicurezza.<\/p>\n","protected":false},"excerpt":{"rendered":"<p>Il corso Dirigente (12 ore) fornisce le competenze necessarie per svolgere il ruolo dirigenziale in materia di salute e sicurezza sul lavoro, in conformit\u00e0 al D.Lgs. 81\/08 e all\u2019Accordo Stato-Regioni 2025.<\/p>\n","protected":false},"featured_media":25847,"template":"","meta":{"_acf_changed":false},"product_brand":[],"product_cat":[58,677],"product_tag":[184,186,185],"class_list":{"0":"post-25846","1":"product","2":"type-product","3":"status-publish","4":"has-post-thumbnail","6":"product_cat-salute-sicurezza","7":"product_cat-dirigenti","8":"product_tag-aula","9":"product_tag-e-learning","10":"product_tag-webinar","11":"pa_tipo-erogazione-e-learning","13":"first","14":"instock","15":"taxable","16":"shipping-taxable","17":"purchasable","18":"product-type-variable"},"acf":[],"_links":{"self":[{"href":"https:\/\/uomoeambiente.com\/en\/wp-json\/wp\/v2\/product\/25846","targetHints":{"allow":["GET"]}}],"collection":[{"href":"https:\/\/uomoeambiente.com\/en\/wp-json\/wp\/v2\/product"}],"about":[{"href":"https:\/\/uomoeambiente.com\/en\/wp-json\/wp\/v2\/types\/product"}],"wp:featuredmedia":[{"embeddable":true,"href":"https:\/\/uomoeambiente.com\/en\/wp-json\/wp\/v2\/media\/25847"}],"wp:attachment":[{"href":"https:\/\/uomoeambiente.com\/en\/wp-json\/wp\/v2\/media?parent=25846"}],"wp:term":[{"taxonomy":"product_brand","embeddable":true,"href":"https:\/\/uomoeambiente.com\/en\/wp-json\/wp\/v2\/product_brand?post=25846"},{"taxonomy":"product_cat","embeddable":true,"href":"https:\/\/uomoeambiente.com\/en\/wp-json\/wp\/v2\/product_cat?post=25846"},{"taxonomy":"product_tag","embeddable":true,"href":"https:\/\/uomoeambiente.com\/en\/wp-json\/wp\/v2\/product_tag?post=25846"}],"curies":[{"name":"wp","href":"https:\/\/api.w.org\/{rel}","templated":true}]}}