{"id":26299,"date":"2026-05-05T15:42:21","date_gmt":"2026-05-05T13:42:21","guid":{"rendered":"https:\/\/uomoeambiente.com\/corso\/limportanza-strategica-della-rendicontazione-in-materia-di-sostenibilita-2\/"},"modified":"2026-05-05T15:48:41","modified_gmt":"2026-05-05T13:48:41","slug":"limportanza-strategica-della-rendicontazione-in-materia-di-sostenibilita-2","status":"publish","type":"product","link":"https:\/\/uomoeambiente.com\/en\/corso\/limportanza-strategica-della-rendicontazione-in-materia-di-sostenibilita-2\/","title":{"rendered":"L&#8217;importanza strategica della rendicontazione in materia di sostenibilit\u00e0"},"content":{"rendered":"<p>La rendicontazione di sostenibilit\u00e0 \u00e8 diventata un asset strategico essenziale per comunicare in modo trasparente il valore generato dall&#8217;impresa oltre il dato economico. Un bilancio di sostenibilit\u00e0 ben strutturato migliora la reputazione aziendale, facilita l&#8217;accesso al credito e risponde alle crescenti richieste di trasparenza da parte di investitori e stakeholder.<\/p>\n<p>Il corso guida i partecipanti attraverso il processo metodologico necessario per trasformare i dati ESG in un documento di rendicontazione solido e conforme. L&#8217;obiettivo \u00e8 fornire una visione chiara del quadro normativo attuale, offrendo strumenti pratici per la costruzione del bilancio, dalla raccolta dati alla pubblicazione.<\/p>\n<p>Il percorso \u00e8 rivolto a Sustainability Manager, responsabili amministrativi e finanziari (CFO), consulenti d&#8217;impresa e figure impegnate nella comunicazione istituzionale e nel reporting aziendale.<\/p>\n<p>Il corso toccher\u00e0 i seguenti punti:<\/p>\n<ul>\n<li><strong>Contesto e Strategia<\/strong>: Analisi del valore competitivo della rendicontazione e dell&#8217;evoluzione del quadro normativo internazionale in materia di trasparenza.<\/li>\n<li><strong>Metodologia di Redazione<\/strong>: Guida operativa alla costruzione del bilancio di sostenibilit\u00e0, con focus sulle fasi di mappatura degli stakeholder e analisi di materialit\u00e0.<\/li>\n<li><strong>Applicazioni e Casi Studio<\/strong>: Esame di casi reali e buone pratiche per comprendere l&#8217;applicazione pratica degli standard di reporting e la gestione delle criticit\u00e0.<\/li>\n<\/ul>\n","protected":false},"excerpt":{"rendered":"<p>Governance<\/p>\n","protected":false},"featured_media":26300,"template":"","meta":{"_acf_changed":false},"product_brand":[],"product_cat":[827],"product_tag":[186],"class_list":{"0":"post-26299","1":"product","2":"type-product","3":"status-publish","4":"has-post-thumbnail","6":"product_cat-governance","7":"product_tag-e-learning","9":"first","10":"instock","11":"sold-individually","12":"taxable","13":"shipping-taxable","14":"purchasable","15":"product-type-simple"},"acf":[],"_links":{"self":[{"href":"https:\/\/uomoeambiente.com\/en\/wp-json\/wp\/v2\/product\/26299","targetHints":{"allow":["GET"]}}],"collection":[{"href":"https:\/\/uomoeambiente.com\/en\/wp-json\/wp\/v2\/product"}],"about":[{"href":"https:\/\/uomoeambiente.com\/en\/wp-json\/wp\/v2\/types\/product"}],"wp:featuredmedia":[{"embeddable":true,"href":"https:\/\/uomoeambiente.com\/en\/wp-json\/wp\/v2\/media\/26300"}],"wp:attachment":[{"href":"https:\/\/uomoeambiente.com\/en\/wp-json\/wp\/v2\/media?parent=26299"}],"wp:term":[{"taxonomy":"product_brand","embeddable":true,"href":"https:\/\/uomoeambiente.com\/en\/wp-json\/wp\/v2\/product_brand?post=26299"},{"taxonomy":"product_cat","embeddable":true,"href":"https:\/\/uomoeambiente.com\/en\/wp-json\/wp\/v2\/product_cat?post=26299"},{"taxonomy":"product_tag","embeddable":true,"href":"https:\/\/uomoeambiente.com\/en\/wp-json\/wp\/v2\/product_tag?post=26299"}],"curies":[{"name":"wp","href":"https:\/\/api.w.org\/{rel}","templated":true}]}}