{"id":26318,"date":"2026-05-05T15:42:35","date_gmt":"2026-05-05T13:42:35","guid":{"rendered":"https:\/\/uomoeambiente.com\/corso\/gdpr-misure-di-sicurezza\/"},"modified":"2026-05-05T15:48:42","modified_gmt":"2026-05-05T13:48:42","slug":"gdpr-misure-di-sicurezza","status":"publish","type":"product","link":"https:\/\/uomoeambiente.com\/en\/corso\/gdpr-misure-di-sicurezza\/","title":{"rendered":"GDPR: Misure di sicurezza"},"content":{"rendered":"<p>Questo modulo rientra nel percorso di formazione base sul GDPR.<\/p>\n<p>L\u2019art. 32, par. 1, del GDPR evidenzia come le misure di sicurezza devono \u201cgarantire un livello di sicurezza adeguato al rischio\u201d del trattamento dei dati.<\/p>\n<p>Il corso intende fornire una panoramica su questo particolare aspetto tenendo conto dello stato dell\u2019arte e dei costi di attuazione, nonch\u00e9 della natura, dell\u2019oggetto, del contesto e delle finalit\u00e0 del trattamento, come anche del rischio di varia probabilit\u00e0 e gravit\u00e0 per i diritti e le libert\u00e0 delle persone fisiche.<br \/>Ogni azienda ha l\u2019obbligo di informare, istruire e formare tutto il personale sul trattamento dei dati personali; UOMOeAMBIENTE fornisce specifici corsi che possono accompagnare l\u2019azienda nel percorso formativo di ogni<br \/>dipendente.<\/p>\n","protected":false},"excerpt":{"rendered":"<p>Formazione base GDPR<\/p>\n","protected":false},"featured_media":26319,"template":"","meta":{"_acf_changed":false},"product_brand":[],"product_cat":[112],"product_tag":[186],"class_list":{"0":"post-26318","1":"product","2":"type-product","3":"status-publish","4":"has-post-thumbnail","6":"product_cat-formazione-base-gdpr","7":"product_tag-e-learning","9":"first","10":"instock","11":"sold-individually","12":"taxable","13":"shipping-taxable","14":"purchasable","15":"product-type-simple"},"acf":[],"_links":{"self":[{"href":"https:\/\/uomoeambiente.com\/en\/wp-json\/wp\/v2\/product\/26318","targetHints":{"allow":["GET"]}}],"collection":[{"href":"https:\/\/uomoeambiente.com\/en\/wp-json\/wp\/v2\/product"}],"about":[{"href":"https:\/\/uomoeambiente.com\/en\/wp-json\/wp\/v2\/types\/product"}],"wp:featuredmedia":[{"embeddable":true,"href":"https:\/\/uomoeambiente.com\/en\/wp-json\/wp\/v2\/media\/26319"}],"wp:attachment":[{"href":"https:\/\/uomoeambiente.com\/en\/wp-json\/wp\/v2\/media?parent=26318"}],"wp:term":[{"taxonomy":"product_brand","embeddable":true,"href":"https:\/\/uomoeambiente.com\/en\/wp-json\/wp\/v2\/product_brand?post=26318"},{"taxonomy":"product_cat","embeddable":true,"href":"https:\/\/uomoeambiente.com\/en\/wp-json\/wp\/v2\/product_cat?post=26318"},{"taxonomy":"product_tag","embeddable":true,"href":"https:\/\/uomoeambiente.com\/en\/wp-json\/wp\/v2\/product_tag?post=26318"}],"curies":[{"name":"wp","href":"https:\/\/api.w.org\/{rel}","templated":true}]}}