{"id":26330,"date":"2026-05-05T15:42:45","date_gmt":"2026-05-05T13:42:45","guid":{"rendered":"https:\/\/uomoeambiente.com\/corso\/gdpr-informativa-e-diritti-dellinteressato\/"},"modified":"2026-05-05T15:48:43","modified_gmt":"2026-05-05T13:48:43","slug":"gdpr-informativa-e-diritti-dellinteressato","status":"publish","type":"product","link":"https:\/\/uomoeambiente.com\/en\/corso\/gdpr-informativa-e-diritti-dellinteressato\/","title":{"rendered":"GDPR: Informativa e diritti dell&#8217;interessato"},"content":{"rendered":"<p>L\u2019informativa \u00e8 una comunicazione rivolta all\u2019interessato che ha lo scopo di rendere edotto il cittadino, anche prima che diventi interessato (cio\u00e8 prima che inizi il trattamento) sulle finalit\u00e0 e le modalit\u00e0 dei trattamenti operati dal titolare.<\/p>\n","protected":false},"excerpt":{"rendered":"<p>Formazione base GDPR<\/p>\n","protected":false},"featured_media":26331,"template":"","meta":{"_acf_changed":false},"product_brand":[],"product_cat":[112],"product_tag":[186],"class_list":{"0":"post-26330","1":"product","2":"type-product","3":"status-publish","4":"has-post-thumbnail","6":"product_cat-formazione-base-gdpr","7":"product_tag-e-learning","9":"first","10":"instock","11":"sold-individually","12":"taxable","13":"shipping-taxable","14":"purchasable","15":"product-type-simple"},"acf":[],"_links":{"self":[{"href":"https:\/\/uomoeambiente.com\/en\/wp-json\/wp\/v2\/product\/26330","targetHints":{"allow":["GET"]}}],"collection":[{"href":"https:\/\/uomoeambiente.com\/en\/wp-json\/wp\/v2\/product"}],"about":[{"href":"https:\/\/uomoeambiente.com\/en\/wp-json\/wp\/v2\/types\/product"}],"wp:featuredmedia":[{"embeddable":true,"href":"https:\/\/uomoeambiente.com\/en\/wp-json\/wp\/v2\/media\/26331"}],"wp:attachment":[{"href":"https:\/\/uomoeambiente.com\/en\/wp-json\/wp\/v2\/media?parent=26330"}],"wp:term":[{"taxonomy":"product_brand","embeddable":true,"href":"https:\/\/uomoeambiente.com\/en\/wp-json\/wp\/v2\/product_brand?post=26330"},{"taxonomy":"product_cat","embeddable":true,"href":"https:\/\/uomoeambiente.com\/en\/wp-json\/wp\/v2\/product_cat?post=26330"},{"taxonomy":"product_tag","embeddable":true,"href":"https:\/\/uomoeambiente.com\/en\/wp-json\/wp\/v2\/product_tag?post=26330"}],"curies":[{"name":"wp","href":"https:\/\/api.w.org\/{rel}","templated":true}]}}