{"id":26369,"date":"2026-05-05T15:43:14","date_gmt":"2026-05-05T13:43:14","guid":{"rendered":"https:\/\/uomoeambiente.com\/corso\/gestione-del-tempo-e-delle-priorita-2\/"},"modified":"2026-05-05T15:48:46","modified_gmt":"2026-05-05T13:48:46","slug":"gestione-del-tempo-e-delle-priorita-2","status":"publish","type":"product","link":"https:\/\/uomoeambiente.com\/en\/corso\/gestione-del-tempo-e-delle-priorita-2\/","title":{"rendered":"Gestione del tempo e delle priorit\u00e0"},"content":{"rendered":"<p>Gestire il tempo in modo efficace non significa solo lavorare pi\u00f9 velocemente, ma imparare a investire le proprie energie sulle attivit\u00e0 che portano reale valore. Una corretta organizzazione quotidiana permette di ridurre lo stress, rispettare le scadenze e migliorare drasticamente la produttivit\u00e0 individuale e del team.<\/p>\n<p>Il corso si pone l\u2019obiettivo di fornire metodi concreti per distinguere ci\u00f2 che \u00e8 urgente da ci\u00f2 che \u00e8 davvero importante.<\/p>\n<p>Il percorso \u00e8 rivolto a manager, liberi professionisti, coordinatori di progetto e a chiunque senta la necessit\u00e0 di ottimizzare la propria agenda per bilanciare meglio impegni lavorativi e vita privata.<\/p>\n<p>Il corso toccher\u00e0 i seguenti punti:<\/p>\n<ul>\n<li><strong>Capire l&#8217;importanza della gestione del tempo;<\/strong><\/li>\n<li><strong>Principi della gestione del tempo;<\/strong><\/li>\n<li><strong>Strumenti e tecniche per organizzare il lavoro e la pianificazione attivit\u00e0 quotidiane<\/strong><\/li>\n<\/ul>\n","protected":false},"excerpt":{"rendered":"<p>Competenze trasversali<\/p>\n","protected":false},"featured_media":26370,"template":"","meta":{"_acf_changed":false},"product_brand":[],"product_cat":[62],"product_tag":[186],"class_list":{"0":"post-26369","1":"product","2":"type-product","3":"status-publish","4":"has-post-thumbnail","6":"product_cat-competenze-trasversali","7":"product_tag-e-learning","9":"first","10":"instock","11":"sold-individually","12":"taxable","13":"shipping-taxable","14":"purchasable","15":"product-type-simple"},"acf":[],"_links":{"self":[{"href":"https:\/\/uomoeambiente.com\/en\/wp-json\/wp\/v2\/product\/26369","targetHints":{"allow":["GET"]}}],"collection":[{"href":"https:\/\/uomoeambiente.com\/en\/wp-json\/wp\/v2\/product"}],"about":[{"href":"https:\/\/uomoeambiente.com\/en\/wp-json\/wp\/v2\/types\/product"}],"wp:featuredmedia":[{"embeddable":true,"href":"https:\/\/uomoeambiente.com\/en\/wp-json\/wp\/v2\/media\/26370"}],"wp:attachment":[{"href":"https:\/\/uomoeambiente.com\/en\/wp-json\/wp\/v2\/media?parent=26369"}],"wp:term":[{"taxonomy":"product_brand","embeddable":true,"href":"https:\/\/uomoeambiente.com\/en\/wp-json\/wp\/v2\/product_brand?post=26369"},{"taxonomy":"product_cat","embeddable":true,"href":"https:\/\/uomoeambiente.com\/en\/wp-json\/wp\/v2\/product_cat?post=26369"},{"taxonomy":"product_tag","embeddable":true,"href":"https:\/\/uomoeambiente.com\/en\/wp-json\/wp\/v2\/product_tag?post=26369"}],"curies":[{"name":"wp","href":"https:\/\/api.w.org\/{rel}","templated":true}]}}