{"id":26387,"date":"2026-05-05T15:43:27","date_gmt":"2026-05-05T13:43:27","guid":{"rendered":"https:\/\/uomoeambiente.com\/corso\/la-gestione-dei-rifiuti-aspetti-pratici-e-requisiti-normativi-2\/"},"modified":"2026-05-05T15:48:47","modified_gmt":"2026-05-05T13:48:47","slug":"la-gestione-dei-rifiuti-aspetti-pratici-e-requisiti-normativi-2","status":"publish","type":"product","link":"https:\/\/uomoeambiente.com\/en\/corso\/la-gestione-dei-rifiuti-aspetti-pratici-e-requisiti-normativi-2\/","title":{"rendered":"La gestione dei rifiuti: aspetti pratici e requisiti normativi"},"content":{"rendered":"<p>La corretta gestione dei rifiuti \u00e8 un pilastro fondamentale per la conformit\u00e0 ambientale e l&#8217;efficienza operativa di ogni realt\u00e0 produttiva. Comprendere le dinamiche tecniche e legali permette di ottimizzare i processi di smaltimento e recupero, riducendo l&#8217;impatto ambientale e i rischi sanzionatori.<\/p>\n<p>Il corso fornisce una conoscenza approfondita dei principi operativi e degli obblighi di legge correlati al ciclo dei rifiuti. L&#8217;obiettivo \u00e8 rendere i partecipanti autonomi nell&#8217;identificazione delle responsabilit\u00e0 aziendali e nell&#8217;applicazione delle migliori pratiche di gestione e caratterizzazione.<\/p>\n<p>Il percorso \u00e8 rivolto a responsabili ambientali, responsabili tecnici, consulenti, operatori logistici e a tutte le figure coinvolte nella gestione operativa e documentale dei rifiuti in azienda.<\/p>\n<p>Il corso toccher\u00e0 i seguenti punti:<\/p>\n<ul>\n<li><strong>Quadro Normativo e Responsabilit\u00e0<\/strong>: Analisi delle definizioni di legge, dei divieti vigenti e delle responsabilit\u00e0 civili e penali in capo ai diversi attori della filiera.<\/li>\n<li><strong>Classificazione e Codifica<\/strong>: Criteri per la corretta attribuzione del codice EER e procedure per la classificazione dei rifiuti in base alle loro caratteristiche di pericolo.<\/li>\n<li><strong>Analisi e Caratterizzazione<\/strong>: Approfondimento sulle metodologie di campionamento e analisi chimico-fisica necessarie per definire la destinazione finale dei rifiuti.<\/li>\n<\/ul>\n","protected":false},"excerpt":{"rendered":"<p>Compliance<\/p>\n","protected":false},"featured_media":26388,"template":"","meta":{"_acf_changed":false},"product_brand":[],"product_cat":[582],"product_tag":[186],"class_list":{"0":"post-26387","1":"product","2":"type-product","3":"status-publish","4":"has-post-thumbnail","6":"product_cat-compliance","7":"product_tag-e-learning","9":"first","10":"instock","11":"sold-individually","12":"taxable","13":"shipping-taxable","14":"purchasable","15":"product-type-simple"},"acf":[],"_links":{"self":[{"href":"https:\/\/uomoeambiente.com\/en\/wp-json\/wp\/v2\/product\/26387","targetHints":{"allow":["GET"]}}],"collection":[{"href":"https:\/\/uomoeambiente.com\/en\/wp-json\/wp\/v2\/product"}],"about":[{"href":"https:\/\/uomoeambiente.com\/en\/wp-json\/wp\/v2\/types\/product"}],"wp:featuredmedia":[{"embeddable":true,"href":"https:\/\/uomoeambiente.com\/en\/wp-json\/wp\/v2\/media\/26388"}],"wp:attachment":[{"href":"https:\/\/uomoeambiente.com\/en\/wp-json\/wp\/v2\/media?parent=26387"}],"wp:term":[{"taxonomy":"product_brand","embeddable":true,"href":"https:\/\/uomoeambiente.com\/en\/wp-json\/wp\/v2\/product_brand?post=26387"},{"taxonomy":"product_cat","embeddable":true,"href":"https:\/\/uomoeambiente.com\/en\/wp-json\/wp\/v2\/product_cat?post=26387"},{"taxonomy":"product_tag","embeddable":true,"href":"https:\/\/uomoeambiente.com\/en\/wp-json\/wp\/v2\/product_tag?post=26387"}],"curies":[{"name":"wp","href":"https:\/\/api.w.org\/{rel}","templated":true}]}}