{"id":26408,"date":"2026-05-05T15:43:43","date_gmt":"2026-05-05T13:43:43","guid":{"rendered":"https:\/\/uomoeambiente.com\/corso\/global-reporting-initiative-gri-approfondimento-sugli-standard-settoriali-gri-11-gri-12-gri-13\/"},"modified":"2026-05-05T15:48:48","modified_gmt":"2026-05-05T13:48:48","slug":"global-reporting-initiative-gri-approfondimento-sugli-standard-settoriali-gri-11-gri-12-gri-13","status":"publish","type":"product","link":"https:\/\/uomoeambiente.com\/en\/corso\/global-reporting-initiative-gri-approfondimento-sugli-standard-settoriali-gri-11-gri-12-gri-13\/","title":{"rendered":"Global Reporting Initiative (GRI) Approfondimento sugli standard settoriali GRI 11 \u2013 GRI 12 \u2013 GRI 13"},"content":{"rendered":"<p>Gli Standard Settoriali GRI rappresentano l&#8217;anello di congiunzione tra le informative universali e le specificit\u00e0 tecniche di ogni industria. Per settori critici come l&#8217;Oil &amp; Gas, il carbone o l&#8217;agricoltura, questi standard identificano a priori i temi materiali pi\u00f9 probabili, garantendo che le organizzazioni rendicontino gli impatti pi\u00f9 significativi per il loro specifico ambito operativo, aumentando cos\u00ec la trasparenza e la comparabilit\u00e0 dei report.<\/p>\n<p>Il percorso offre un\u2019analisi tecnica dettagliata dei requisiti richiesti per i primi settori normati, fornendo le competenze necessarie per identificare gli indicatori chiave relativi a salute, sicurezza, ambiente e diritti umani. L\u2019obiettivo \u00e8 guidare i partecipanti nell&#8217;integrazione di queste linee guida nella strategia aziendale, assicurando una comunicazione accurata delle performance in contesti operativi complessi.<\/p>\n<p>Il corso si rivolge a Sustainability Manager, consulenti ESG, analisti di settore e responsabili della rendicontazione operanti nei comparti energetico, estrattivo e agroalimentare.<\/p>\n<p>Il corso toccher\u00e0 i seguenti punti:<\/p>\n<ul>\n<li><strong>GRI 11 &#8211; Oil and Gas<\/strong>: Studio degli impatti specifici per l&#8217;industria petrolifera e del gas, con focus sulla gestione delle emissioni, la sicurezza degli impianti, la biodiversit\u00e0 e le relazioni con le comunit\u00e0 locali.<\/li>\n<li><strong>GRI 12 &#8211; Coal<\/strong>: Analisi dei requisiti di rendicontazione per il settore del carbone, approfondendo le tematiche legate alla transizione energetica, alla gestione dei rifiuti minerari e alla salute dei lavoratori.<\/li>\n<li><strong>GRI 13 &#8211; Agriculture, Aquaculture and Fishing<\/strong>: Esplorazione degli indicatori per i sistemi alimentari, includendo l&#8217;uso sostenibile del suolo e dell&#8217;acqua, il benessere animale e il rispetto dei diritti dei lavoratori lungo la filiera.<\/li>\n<\/ul>\n","protected":false},"excerpt":{"rendered":"<p>Sostenibilit\u00e0 Ambientale<\/p>\n","protected":false},"featured_media":26409,"template":"","meta":{"_acf_changed":false},"product_brand":[],"product_cat":[828],"product_tag":[186],"class_list":{"0":"post-26408","1":"product","2":"type-product","3":"status-publish","4":"has-post-thumbnail","6":"product_cat-sostenibilita-ambientale","7":"product_tag-e-learning","9":"first","10":"instock","11":"sold-individually","12":"taxable","13":"shipping-taxable","14":"purchasable","15":"product-type-simple"},"acf":[],"_links":{"self":[{"href":"https:\/\/uomoeambiente.com\/en\/wp-json\/wp\/v2\/product\/26408","targetHints":{"allow":["GET"]}}],"collection":[{"href":"https:\/\/uomoeambiente.com\/en\/wp-json\/wp\/v2\/product"}],"about":[{"href":"https:\/\/uomoeambiente.com\/en\/wp-json\/wp\/v2\/types\/product"}],"wp:featuredmedia":[{"embeddable":true,"href":"https:\/\/uomoeambiente.com\/en\/wp-json\/wp\/v2\/media\/26409"}],"wp:attachment":[{"href":"https:\/\/uomoeambiente.com\/en\/wp-json\/wp\/v2\/media?parent=26408"}],"wp:term":[{"taxonomy":"product_brand","embeddable":true,"href":"https:\/\/uomoeambiente.com\/en\/wp-json\/wp\/v2\/product_brand?post=26408"},{"taxonomy":"product_cat","embeddable":true,"href":"https:\/\/uomoeambiente.com\/en\/wp-json\/wp\/v2\/product_cat?post=26408"},{"taxonomy":"product_tag","embeddable":true,"href":"https:\/\/uomoeambiente.com\/en\/wp-json\/wp\/v2\/product_tag?post=26408"}],"curies":[{"name":"wp","href":"https:\/\/api.w.org\/{rel}","templated":true}]}}