{"id":26420,"date":"2026-05-05T15:43:53","date_gmt":"2026-05-05T13:43:53","guid":{"rendered":"https:\/\/uomoeambiente.com\/corso\/introduzione-alla-rendicontazione-non-finanziaria-il-bilancio-di-sostenibilita-2\/"},"modified":"2026-05-05T15:48:49","modified_gmt":"2026-05-05T13:48:49","slug":"introduzione-alla-rendicontazione-non-finanziaria-il-bilancio-di-sostenibilita-2","status":"publish","type":"product","link":"https:\/\/uomoeambiente.com\/en\/corso\/introduzione-alla-rendicontazione-non-finanziaria-il-bilancio-di-sostenibilita-2\/","title":{"rendered":"Introduzione alla rendicontazione non finanziaria: il Bilancio di Sostenibilit\u00e0"},"content":{"rendered":"<p>Il Bilancio di Sostenibilit\u00e0 \u00e8 lo strumento fondamentale per rendicontare il valore generato dall&#8217;impresa oltre i parametri puramente economici, abbracciando gli impatti sociali e ambientali. Integrare la rendicontazione non finanziaria nei processi decisionali permette di migliorare la trasparenza, rafforzare la fiducia degli stakeholder e gestire in modo proattivo i rischi e le opportunit\u00e0 legati alla sostenibilit\u00e0.<\/p>\n<p>Il corso offre una panoramica esaustiva sulle metodologie e le best practice per la creazione di un report efficace e trasparente. L\u2019obiettivo \u00e8 fornire ai partecipanti le competenze necessarie per strutturare il processo di rendicontazione, dalla raccolta dati alla comunicazione dei risultati, assicurando l&#8217;affidabilit\u00e0 e la coerenza delle informazioni divulgate.<\/p>\n<p>Il percorso \u00e8 rivolto a Sustainability Manager, responsabili amministrativi e finanziari, professionisti della comunicazione e consulenti che desiderano avviare o ottimizzare il percorso di reporting non finanziario all&#8217;interno delle organizzazioni.<\/p>\n<p>Il corso toccher\u00e0 i seguenti punti:<\/p>\n<ul>\n<li><strong>Definizione e Valore Strategico<\/strong>: Analisi del concetto di bilancio di sostenibilit\u00e0 e dei principali vantaggi competitivi e reputazionali derivanti dalla sua adozione sistematica.<\/li>\n<li><strong>Processo Operativo e Metodologia<\/strong>: Studio dei sette passaggi fondamentali per la redazione del documento, con focus sulle tecniche di raccolta, analisi e integrazione dei dati qualitativi e quantitativi.<\/li>\n<li><strong>Analisi di Casi Virtuosi<\/strong>: Esame di esempi d\u2019eccellenza e strategie di comunicazione persuasiva per trasformare il bilancio in uno strumento di dialogo efficace con tutti i portatori d&#8217;interesse.<\/li>\n<\/ul>\n","protected":false},"excerpt":{"rendered":"<p>Principi di Sostenibilit\u00e0 per le aziende<\/p>\n","protected":false},"featured_media":26421,"template":"","meta":{"_acf_changed":false},"product_brand":[],"product_cat":[829],"product_tag":[186],"class_list":{"0":"post-26420","1":"product","2":"type-product","3":"status-publish","4":"has-post-thumbnail","6":"product_cat-principi-di-sostenibilita-per-le-aziende","7":"product_tag-e-learning","9":"first","10":"instock","11":"sold-individually","12":"taxable","13":"shipping-taxable","14":"purchasable","15":"product-type-simple"},"acf":[],"_links":{"self":[{"href":"https:\/\/uomoeambiente.com\/en\/wp-json\/wp\/v2\/product\/26420","targetHints":{"allow":["GET"]}}],"collection":[{"href":"https:\/\/uomoeambiente.com\/en\/wp-json\/wp\/v2\/product"}],"about":[{"href":"https:\/\/uomoeambiente.com\/en\/wp-json\/wp\/v2\/types\/product"}],"wp:featuredmedia":[{"embeddable":true,"href":"https:\/\/uomoeambiente.com\/en\/wp-json\/wp\/v2\/media\/26421"}],"wp:attachment":[{"href":"https:\/\/uomoeambiente.com\/en\/wp-json\/wp\/v2\/media?parent=26420"}],"wp:term":[{"taxonomy":"product_brand","embeddable":true,"href":"https:\/\/uomoeambiente.com\/en\/wp-json\/wp\/v2\/product_brand?post=26420"},{"taxonomy":"product_cat","embeddable":true,"href":"https:\/\/uomoeambiente.com\/en\/wp-json\/wp\/v2\/product_cat?post=26420"},{"taxonomy":"product_tag","embeddable":true,"href":"https:\/\/uomoeambiente.com\/en\/wp-json\/wp\/v2\/product_tag?post=26420"}],"curies":[{"name":"wp","href":"https:\/\/api.w.org\/{rel}","templated":true}]}}