{"id":26432,"date":"2026-05-05T15:44:03","date_gmt":"2026-05-05T13:44:03","guid":{"rendered":"https:\/\/uomoeambiente.com\/corso\/global-reporting-initiative-gri-approfondimento-sugli-standard-universali-gri-1-gri-2-gri-3-2\/"},"modified":"2026-05-05T15:48:49","modified_gmt":"2026-05-05T13:48:49","slug":"global-reporting-initiative-gri-approfondimento-sugli-standard-universali-gri-1-gri-2-gri-3-2","status":"publish","type":"product","link":"https:\/\/uomoeambiente.com\/en\/corso\/global-reporting-initiative-gri-approfondimento-sugli-standard-universali-gri-1-gri-2-gri-3-2\/","title":{"rendered":"Global Reporting Initiative (GRI) Approfondimento sugli standard universali GRI 1, GRI 2, GRI 3"},"content":{"rendered":"<p>Gli Standard Universali rappresentano il cuore del framework GRI e sono il punto di partenza obbligatorio per ogni organizzazione che desideri rendicontare i propri impatti in modo conforme. Comprendere la logica che lega i requisiti di base, l&#8217;informativa generale e il processo di materialit\u00e0 \u00e8 fondamentale per garantire l&#8217;accuratezza e la credibilit\u00e0 di qualsiasi Bilancio di Sostenibilit\u00e0.<\/p>\n<p>Il percorso offre un&#8217;analisi tecnica e dettagliata dei tre pilastri universali aggiornati, fornendo gli strumenti necessari per strutturare la rendicontazione secondo i pi\u00f9 elevati standard di trasparenza. L&#8217;obiettivo \u00e8 rendere i partecipanti capaci di governare il processo di reporting, dalla definizione dei principi fondamentali alla selezione dei temi materiali che riflettono l&#8217;impatto reale dell&#8217;azienda.<\/p>\n<p>Il corso si rivolge a Sustainability Manager, esperti di reporting, consulenti ESG e responsabili della governance aziendale che necessitano di una padronanza tecnica avanzata del framework GRI.<\/p>\n<p>Il corso toccher\u00e0 i seguenti punti:<\/p>\n<ul>\n<li><strong>GRI 1 &#8211; Requisiti e Principi Fondamentali<\/strong>: Analisi dei concetti base e dei requisiti che un&#8217;organizzazione deve soddisfare per dichiarare la conformit\u00e0 agli standard, inclusi i principi per garantire la qualit\u00e0 dell&#8217;informazione.<\/li>\n<li><strong>GRI 2 &#8211; Informativa Generale<\/strong>: Studio dei requisiti relativi alla struttura di governance, alle pratiche di rendicontazione e alla strategia aziendale, necessari per fornire un contesto completo all&#8217;attivit\u00e0 dell&#8217;organizzazione.<\/li>\n<li><strong>GRI 3 &#8211; Temi Materiali e Processo di Selezione<\/strong>: Guida pratica alla determinazione della materialit\u00e0, imparando a identificare e gestire gli impatti significativi sull&#8217;economia, l&#8217;ambiente e le persone per definire i contenuti del report.<\/li>\n<\/ul>\n","protected":false},"excerpt":{"rendered":"<p>Principi di Sostenibilit\u00e0 per le aziende<\/p>\n","protected":false},"featured_media":26433,"template":"","meta":{"_acf_changed":false},"product_brand":[],"product_cat":[829],"product_tag":[186],"class_list":{"0":"post-26432","1":"product","2":"type-product","3":"status-publish","4":"has-post-thumbnail","6":"product_cat-principi-di-sostenibilita-per-le-aziende","7":"product_tag-e-learning","9":"first","10":"instock","11":"sold-individually","12":"taxable","13":"shipping-taxable","14":"purchasable","15":"product-type-simple"},"acf":[],"_links":{"self":[{"href":"https:\/\/uomoeambiente.com\/en\/wp-json\/wp\/v2\/product\/26432","targetHints":{"allow":["GET"]}}],"collection":[{"href":"https:\/\/uomoeambiente.com\/en\/wp-json\/wp\/v2\/product"}],"about":[{"href":"https:\/\/uomoeambiente.com\/en\/wp-json\/wp\/v2\/types\/product"}],"wp:featuredmedia":[{"embeddable":true,"href":"https:\/\/uomoeambiente.com\/en\/wp-json\/wp\/v2\/media\/26433"}],"wp:attachment":[{"href":"https:\/\/uomoeambiente.com\/en\/wp-json\/wp\/v2\/media?parent=26432"}],"wp:term":[{"taxonomy":"product_brand","embeddable":true,"href":"https:\/\/uomoeambiente.com\/en\/wp-json\/wp\/v2\/product_brand?post=26432"},{"taxonomy":"product_cat","embeddable":true,"href":"https:\/\/uomoeambiente.com\/en\/wp-json\/wp\/v2\/product_cat?post=26432"},{"taxonomy":"product_tag","embeddable":true,"href":"https:\/\/uomoeambiente.com\/en\/wp-json\/wp\/v2\/product_tag?post=26432"}],"curies":[{"name":"wp","href":"https:\/\/api.w.org\/{rel}","templated":true}]}}