{"id":26459,"date":"2026-05-05T15:44:21","date_gmt":"2026-05-05T13:44:21","guid":{"rendered":"https:\/\/uomoeambiente.com\/corso\/introduzione-al-global-reporting-initiative-gri\/"},"modified":"2026-05-05T15:48:50","modified_gmt":"2026-05-05T13:48:50","slug":"introduzione-al-global-reporting-initiative-gri","status":"publish","type":"product","link":"https:\/\/uomoeambiente.com\/en\/corso\/introduzione-al-global-reporting-initiative-gri\/","title":{"rendered":"Introduzione al Global Reporting Initiative (GRI)"},"content":{"rendered":"<p>Il Global Reporting Initiative (GRI) \u00e8 lo standard internazionale pi\u00f9 diffuso per la rendicontazione di sostenibilit\u00e0, essenziale per le organizzazioni che desiderano comunicare in modo trasparente i propri impatti economici, ambientali e sociali. L\u2019adozione di questo framework permette di strutturare report credibili, comparabili e allineati alle migliori pratiche globali.<\/p>\n<p>Il percorso fornisce una panoramica completa sui principi e sulle linee guida necessarie per implementare un reporting efficace. L&#8217;obiettivo \u00e8 guidare i partecipanti nella comprensione degli standard universali e tematici, fornendo gli strumenti per misurare le performance attraverso KPI specifici e per coinvolgere strategicamente gli stakeholder nel processo.<\/p>\n<p>Il corso si rivolge a Sustainability Manager, consulenti ESG, responsabili amministrativi e professionisti della comunicazione aziendale incaricati di redigere o supervisionare il Bilancio di Sostenibilit\u00e0.<\/p>\n<p>Il corso toccher\u00e0 i seguenti punti:<\/p>\n<ul>\n<li><strong>Fondamenti e Struttura GRI<\/strong>: Introduzione alla missione del Global Reporting Initiative e analisi dell&#8217;architettura degli standard (Universali, Settoriali e Tematici) per una rendicontazione conforme.<\/li>\n<li><strong>Processo di Reporting e Stakeholder<\/strong>: Metodologie per identificare i temi materiali e coinvolgere attivamente i portatori d&#8217;interesse, garantendo la rilevanza e la trasparenza delle informazioni divulgate.<\/li>\n<li><strong>Indicatori di Performance e Best Practice<\/strong>: Guida all&#8217;utilizzo dei KPI per misurare gli impatti e analisi delle migliori strategie globali per assicurare la credibilit\u00e0 e la conformit\u00e0 del report finale.<\/li>\n<\/ul>\n","protected":false},"excerpt":{"rendered":"<p>Principi di Sostenibilit\u00e0 per le aziende<\/p>\n","protected":false},"featured_media":26460,"template":"","meta":{"_acf_changed":false},"product_brand":[],"product_cat":[829],"product_tag":[186],"class_list":{"0":"post-26459","1":"product","2":"type-product","3":"status-publish","4":"has-post-thumbnail","6":"product_cat-principi-di-sostenibilita-per-le-aziende","7":"product_tag-e-learning","9":"first","10":"instock","11":"sold-individually","12":"taxable","13":"shipping-taxable","14":"purchasable","15":"product-type-simple"},"acf":[],"_links":{"self":[{"href":"https:\/\/uomoeambiente.com\/en\/wp-json\/wp\/v2\/product\/26459","targetHints":{"allow":["GET"]}}],"collection":[{"href":"https:\/\/uomoeambiente.com\/en\/wp-json\/wp\/v2\/product"}],"about":[{"href":"https:\/\/uomoeambiente.com\/en\/wp-json\/wp\/v2\/types\/product"}],"wp:featuredmedia":[{"embeddable":true,"href":"https:\/\/uomoeambiente.com\/en\/wp-json\/wp\/v2\/media\/26460"}],"wp:attachment":[{"href":"https:\/\/uomoeambiente.com\/en\/wp-json\/wp\/v2\/media?parent=26459"}],"wp:term":[{"taxonomy":"product_brand","embeddable":true,"href":"https:\/\/uomoeambiente.com\/en\/wp-json\/wp\/v2\/product_brand?post=26459"},{"taxonomy":"product_cat","embeddable":true,"href":"https:\/\/uomoeambiente.com\/en\/wp-json\/wp\/v2\/product_cat?post=26459"},{"taxonomy":"product_tag","embeddable":true,"href":"https:\/\/uomoeambiente.com\/en\/wp-json\/wp\/v2\/product_tag?post=26459"}],"curies":[{"name":"wp","href":"https:\/\/api.w.org\/{rel}","templated":true}]}}