{"id":26471,"date":"2026-05-05T15:44:27","date_gmt":"2026-05-05T13:44:27","guid":{"rendered":"https:\/\/uomoeambiente.com\/corso\/introduzione-allagenda-2030-e-applicazione-degli-sdgs\/"},"modified":"2026-05-05T15:48:51","modified_gmt":"2026-05-05T13:48:51","slug":"introduzione-allagenda-2030-e-applicazione-degli-sdgs","status":"publish","type":"product","link":"https:\/\/uomoeambiente.com\/en\/corso\/introduzione-allagenda-2030-e-applicazione-degli-sdgs\/","title":{"rendered":"Introduzione all&#8217;Agenda 2030 e applicazione degli SDGs"},"content":{"rendered":"<p>L&#8217;Agenda 2030 delle Nazioni Unite \u00e8 il piano d&#8217;azione globale per garantire la prosperit\u00e0 del pianeta e il benessere delle persone attraverso 17 Obiettivi di Sviluppo Sostenibile (SDGs). Integrare questi obiettivi nelle strategie aziendali non \u00e8 pi\u00f9 solo una scelta etica, ma una necessit\u00e0 per affrontare le sfide della crisi climatica e delle nuove dinamiche geopolitiche.<\/p>\n<p>Il corso offre una panoramica chiara sulle interconnessioni tra i trend globali e gli SDGs, fornendo strumenti pratici per tradurre i target internazionali in azioni concrete. I partecipanti impareranno a monitorare i progressi e a promuovere la sostenibilit\u00e0 sia nei contesti operativi che nella cultura aziendale quotidiana.<\/p>\n<p>Il percorso \u00e8 rivolto a Sustainability Manager, dirigenti, consulenti d&#8217;impresa e a tutti i collaboratori che desiderano contribuire attivamente al cambiamento positivo all&#8217;interno della propria organizzazione.<\/p>\n<p>Il corso toccher\u00e0 i seguenti punti:<\/p>\n<ul>\n<li><strong>Trend Globali e Crisi Climatica<\/strong>: Analisi del contesto mondiale attuale, dai cambiamenti demografici all&#8217;instabilit\u00e0 geopolitica, con focus sulla domanda umana e sull\u2019Earth Overshoot Day.<\/li>\n<li><strong>I 17 Obiettivi di Sviluppo Sostenibile<\/strong>: Approfondimento dei singoli SDGs, dei relativi target e dell&#8217;impatto che il raggiungimento di tali obiettivi ha sullo scenario italiano e internazionale.<\/li>\n<li><strong>Integrazione e Monitoraggio<\/strong>: Strategie pratiche per incorporare gli obiettivi dell&#8217;Agenda 2030 nelle attivit\u00e0 operative, collaborando con gli stakeholder e valutando i risultati nel tempo.<\/li>\n<\/ul>\n<p>\u00a0<br \/>\u00a0<\/p>\n","protected":false},"excerpt":{"rendered":"<p>Principi di Sostenibilit\u00e0 per le aziende<\/p>\n","protected":false},"featured_media":26472,"template":"","meta":{"_acf_changed":false},"product_brand":[],"product_cat":[829],"product_tag":[186],"class_list":{"0":"post-26471","1":"product","2":"type-product","3":"status-publish","4":"has-post-thumbnail","6":"product_cat-principi-di-sostenibilita-per-le-aziende","7":"product_tag-e-learning","9":"first","10":"instock","11":"sold-individually","12":"taxable","13":"shipping-taxable","14":"purchasable","15":"product-type-simple"},"acf":[],"_links":{"self":[{"href":"https:\/\/uomoeambiente.com\/en\/wp-json\/wp\/v2\/product\/26471","targetHints":{"allow":["GET"]}}],"collection":[{"href":"https:\/\/uomoeambiente.com\/en\/wp-json\/wp\/v2\/product"}],"about":[{"href":"https:\/\/uomoeambiente.com\/en\/wp-json\/wp\/v2\/types\/product"}],"wp:featuredmedia":[{"embeddable":true,"href":"https:\/\/uomoeambiente.com\/en\/wp-json\/wp\/v2\/media\/26472"}],"wp:attachment":[{"href":"https:\/\/uomoeambiente.com\/en\/wp-json\/wp\/v2\/media?parent=26471"}],"wp:term":[{"taxonomy":"product_brand","embeddable":true,"href":"https:\/\/uomoeambiente.com\/en\/wp-json\/wp\/v2\/product_brand?post=26471"},{"taxonomy":"product_cat","embeddable":true,"href":"https:\/\/uomoeambiente.com\/en\/wp-json\/wp\/v2\/product_cat?post=26471"},{"taxonomy":"product_tag","embeddable":true,"href":"https:\/\/uomoeambiente.com\/en\/wp-json\/wp\/v2\/product_tag?post=26471"}],"curies":[{"name":"wp","href":"https:\/\/api.w.org\/{rel}","templated":true}]}}