{"id":26502,"date":"2026-05-11T11:16:23","date_gmt":"2026-05-11T09:16:23","guid":{"rendered":"https:\/\/uomoeambiente.com\/corso\/introduzione-al-social-management-system-la-bsi-pas-24000-con-interazioni\/"},"modified":"2026-05-11T11:20:04","modified_gmt":"2026-05-11T09:20:04","slug":"introduzione-al-social-management-system-la-bsi-pas-24000-con-interazioni","status":"publish","type":"product","link":"https:\/\/uomoeambiente.com\/en\/corso\/introduzione-al-social-management-system-la-bsi-pas-24000-con-interazioni\/","title":{"rendered":"Introduzione al Social Management System. la BSI PAS 24000"},"content":{"rendered":"<p>La gestione delle responsabilit\u00e0 sociali richiede un approccio sistemico e rigoroso, capace di andare oltre la semplice compliance normativa. La norma BSI PAS 24000 rappresenta un framework innovativo per l&#8217;implementazione di un Social Management System (SMS), strutturato per integrare il rispetto dei diritti umani, la tutela dei lavoratori e l&#8217;etica professionale nel cuore operativo dell&#8217;organizzazione.<\/p>\n<p>Il corso fornisce le competenze per pianificare e gestire un SMS efficace, partendo dall&#8217;analisi dei rischi e delle opportunit\u00e0 fino alla definizione di obiettivi sociali misurabili. L\u2019obiettivo \u00e8 formare professionisti capaci di guidare la leadership verso una cultura sociale proattiva, utilizzando indicatori chiave di prestazione (KPI) e il ciclo PDCA per garantire un miglioramento continuo delle performance e una trasparenza totale verso gli stakeholder.<\/p>\n<p>Il percorso \u00e8 rivolto a HR Manager, Sustainability Officer, Auditor interni e a tutte le figure direzionali impegnate nella costruzione di un&#8217;impresa socialmente responsabile e resiliente.<\/p>\n<p>Il corso toccher\u00e0 i seguenti punti:<\/p>\n<ul>\n<li><strong>Fondamenti della Norma PAS 24000<\/strong>: Introduzione al framework e analisi dell&#8217;importanza di un sistema di gestione sociale per la protezione dei diritti umani e la sicurezza sul lavoro.<\/li>\n<li><strong>Pianificazione e Operativit\u00e0 del SMS<\/strong>: Metodologie per l&#8217;identificazione di rischi e opportunit\u00e0, allocazione delle risorse e strategie per integrare le responsabilit\u00e0 sociali nelle attivit\u00e0 quotidiane.<\/li>\n<li><strong>Valutazione e Miglioramento Continuo<\/strong>: Utilizzo dei KPI e degli audit interni per monitorare le prestazioni sociali, applicando il modello Plan-Do-Check-Act per evolvere costantemente l&#8217;impatto dell&#8217;organizzazione.<\/li>\n<\/ul>\n","protected":false},"excerpt":{"rendered":"<p>Sostenibilit\u00e0 Sociale &#8211; Etica<\/p>\n","protected":false},"featured_media":0,"template":"","meta":{"_acf_changed":false},"product_brand":[],"product_cat":[60],"product_tag":[186],"class_list":{"0":"post-26502","1":"product","2":"type-product","3":"status-publish","5":"product_cat-sostenibilita-sociale-etica","6":"product_tag-e-learning","8":"first","9":"instock","10":"sold-individually","11":"taxable","12":"shipping-taxable","13":"purchasable","14":"product-type-simple"},"acf":[],"_links":{"self":[{"href":"https:\/\/uomoeambiente.com\/en\/wp-json\/wp\/v2\/product\/26502","targetHints":{"allow":["GET"]}}],"collection":[{"href":"https:\/\/uomoeambiente.com\/en\/wp-json\/wp\/v2\/product"}],"about":[{"href":"https:\/\/uomoeambiente.com\/en\/wp-json\/wp\/v2\/types\/product"}],"wp:attachment":[{"href":"https:\/\/uomoeambiente.com\/en\/wp-json\/wp\/v2\/media?parent=26502"}],"wp:term":[{"taxonomy":"product_brand","embeddable":true,"href":"https:\/\/uomoeambiente.com\/en\/wp-json\/wp\/v2\/product_brand?post=26502"},{"taxonomy":"product_cat","embeddable":true,"href":"https:\/\/uomoeambiente.com\/en\/wp-json\/wp\/v2\/product_cat?post=26502"},{"taxonomy":"product_tag","embeddable":true,"href":"https:\/\/uomoeambiente.com\/en\/wp-json\/wp\/v2\/product_tag?post=26502"}],"curies":[{"name":"wp","href":"https:\/\/api.w.org\/{rel}","templated":true}]}}