{"id":26515,"date":"2026-05-11T11:16:37","date_gmt":"2026-05-11T09:16:37","guid":{"rendered":"https:\/\/uomoeambiente.com\/corso\/la-conciliazione-lavoro-famiglia-2\/"},"modified":"2026-05-11T11:20:11","modified_gmt":"2026-05-11T09:20:11","slug":"la-conciliazione-lavoro-famiglia-2","status":"publish","type":"product","link":"https:\/\/uomoeambiente.com\/en\/corso\/la-conciliazione-lavoro-famiglia-2\/","title":{"rendered":"La conciliazione Lavoro-Famiglia"},"content":{"rendered":"<p>Raggiungere un equilibrio armonico tra responsabilit\u00e0 professionali e vita privata \u00e8 una delle sfide centrali del mercato del lavoro contemporaneo. Una gestione efficace della conciliazione non solo migliora il benessere psicofisico dei lavoratori, ma incrementa la produttivit\u00e0 e la ritenzione dei talenti, trasformando la cultura aziendale in un ecosistema inclusivo e resiliente.<\/p>\n<p>Il corso fornisce strumenti pratici per affrontare le sfide quotidiane del bilanciamento vita-lavoro, con un focus specifico sul superamento del gender gap. L\u2019obiettivo \u00e8 promuovere politiche flessibili e una cultura della condivisione, analizzando le normative vigenti e le best practice per la gestione della maternit\u00e0 e della paternit\u00e0, affinch\u00e9 la genitorialit\u00e0 sia vissuta come un valore e non come un ostacolo alla carriera.<\/p>\n<p>Il percorso \u00e8 rivolto a HR Manager, datori di lavoro, dipendenti e a tutti i professionisti interessati a implementare modelli organizzativi basati sulla flessibilit\u00e0, il supporto reciproco e la parit\u00e0 di opportunit\u00e0.<\/p>\n<p>Il corso toccher\u00e0 i seguenti punti:<\/p>\n<ul>\n<li><strong>Analisi del Gender Gap<\/strong>: Approfondimento sulle disparit\u00e0 di genere nel contesto lavorativo attuale e importanza strategica di colmare il divario per favorire l&#8217;equit\u00e0 e la crescita organizzativa.<\/li>\n<li><strong>Dinamiche Lavoro e Famiglia<\/strong>: Strategie per la gestione del tempo e dello stress, con un&#8217;analisi delle politiche aziendali favorevoli come lo smart working, i congedi e la flessibilit\u00e0 oraria.<\/li>\n<li><strong>Genitorialit\u00e0 Condivisa<\/strong>: Focus sui diritti e sui nuovi modelli di maternit\u00e0 e paternit\u00e0, promuovendo il coinvolgimento paritario nelle responsabilit\u00e0 domestiche e il supporto normativo ai lavoratori genitori.<\/li>\n<\/ul>\n","protected":false},"excerpt":{"rendered":"<p>Sostenibilit\u00e0 Sociale &#8211; Etica<\/p>\n","protected":false},"featured_media":26516,"template":"","meta":{"_acf_changed":false},"product_brand":[],"product_cat":[60],"product_tag":[186],"class_list":{"0":"post-26515","1":"product","2":"type-product","3":"status-publish","4":"has-post-thumbnail","6":"product_cat-sostenibilita-sociale-etica","7":"product_tag-e-learning","9":"first","10":"instock","11":"sold-individually","12":"taxable","13":"shipping-taxable","14":"purchasable","15":"product-type-simple"},"acf":[],"_links":{"self":[{"href":"https:\/\/uomoeambiente.com\/en\/wp-json\/wp\/v2\/product\/26515","targetHints":{"allow":["GET"]}}],"collection":[{"href":"https:\/\/uomoeambiente.com\/en\/wp-json\/wp\/v2\/product"}],"about":[{"href":"https:\/\/uomoeambiente.com\/en\/wp-json\/wp\/v2\/types\/product"}],"wp:featuredmedia":[{"embeddable":true,"href":"https:\/\/uomoeambiente.com\/en\/wp-json\/wp\/v2\/media\/26516"}],"wp:attachment":[{"href":"https:\/\/uomoeambiente.com\/en\/wp-json\/wp\/v2\/media?parent=26515"}],"wp:term":[{"taxonomy":"product_brand","embeddable":true,"href":"https:\/\/uomoeambiente.com\/en\/wp-json\/wp\/v2\/product_brand?post=26515"},{"taxonomy":"product_cat","embeddable":true,"href":"https:\/\/uomoeambiente.com\/en\/wp-json\/wp\/v2\/product_cat?post=26515"},{"taxonomy":"product_tag","embeddable":true,"href":"https:\/\/uomoeambiente.com\/en\/wp-json\/wp\/v2\/product_tag?post=26515"}],"curies":[{"name":"wp","href":"https:\/\/api.w.org\/{rel}","templated":true}]}}