{"id":4026,"date":"2020-06-23T09:42:28","date_gmt":"2020-06-23T07:42:28","guid":{"rendered":"https:\/\/www.uomoeambiente.com\/?post_type=product&#038;p=4026"},"modified":"2025-07-21T10:08:46","modified_gmt":"2025-07-21T08:08:46","slug":"corso-valutazione-rischio-chimico-e-cancerogeno","status":"publish","type":"product","link":"https:\/\/uomoeambiente.com\/en\/corso\/corso-valutazione-rischio-chimico-e-cancerogeno\/","title":{"rendered":"Rischio Chimico e Cancerogeno"},"content":{"rendered":"<p><strong>Descrizione del Corso:<\/strong><\/p>\n<p>Il rischio chimico \u00e8 una realt\u00e0 quotidiana in molti ambienti di lavoro, dalle industrie chimiche ai laboratori di ricerca, e pu\u00f2 comportare gravi conseguenze per la salute e la sicurezza. Questo corso e-learning di un&#8217;ora offre una panoramica pratica e completa sui pericoli associati ai rischi chimici, fornendo le competenze necessarie per riconoscerli, valutarli e gestirli efficacemente.<\/p>\n<p><strong>Obiettivi del Corso:<\/strong><\/p>\n<p><strong>Comprendere il rischio chimico:<\/strong> Imparerai a riconoscere i diversi tipi di sostanze chimiche pericolose e i potenziali effetti sulla salute e sulla sicurezza.<\/p>\n<p><strong>Identificare le aree a rischio:<\/strong> Saranno esplorati i settori e le attivit\u00e0 lavorative pi\u00f9 suscettibili al rischio chimico.<\/p>\n<p><strong>Apprendere tecniche di prevenzione: <\/strong>Scoprirai le migliori pratiche per prevenire l\u2019esposizione a sostanze chimiche pericolose e come proteggerti adeguatamente.<\/p>\n<p><strong>Applicare misure di controllo: <\/strong>Riceverai indicazioni su come monitorare e gestire efficacemente i rischi associati alle sostanze chimiche.<\/p>\n","protected":false},"excerpt":{"rendered":"<p>Il corso \u00e8 dedicato alla gestione del rischio chimico e cancerogeno nei luoghi di lavoro, con l&#8217;obiettivo di sensibilizzare i partecipanti sui pericoli legati all&#8217;esposizione a sostanze chimiche pericolose. Fornir\u00e0 la formazione specifica sulla valutazione e la gestione del rischio chimico e cancerogeno, come previsto dal D.Lgs. 81\/08 s.m.i. I partecipanti apprenderanno a identificare i rischi chimici e cancerogeni presenti nell&#8217;ambiente lavorativo, a valutare l&#8217;esposizione dei lavoratori e ad adottare le misure preventive e protettive necessarie. Verranno trattate le normative in materia, le modalit\u00e0 di protezione collettiva e individuale, e le tecniche di gestione per ridurre al minimo i rischi associati all&#8217;esposizione a sostanze pericolose.<\/p>\n<p><span data-teams=\"true\"><i><strong>Il corso \u00e8 attivabile e personalizzabile secondo le specifiche esigenze del cliente. Per richiedere maggiori informazioni <\/strong><\/i><a id=\"menur570\" class=\"fui-Link ___1q1shib f2hkw1w f3rmtva f1ewtqcl fyind8e f1k6fduh f1w7gpdv fk6fouc fjoy568 figsok6 f1s184ao f1mk8lai fnbmjn9 f1o700av f13mvf36 f1cmlufx f9n3di6 f1ids18y f1tx3yz7 f1deo86v f1eh06m1 f1iescvh fhgqx19 f1olyrje f1p93eir f1nev41a f1h8hb77 f1lqvz6u f10aw75t fsle3fq f17ae5zn\" title=\"mailto:formazione@uomoeambiente.com\" href=\"mailto:formazione@uomoeambiente.com\" target=\"_blank\" rel=\"noreferrer noopener\" aria-label=\"Collegamento clicca qui\"><i><strong>clicca qui<\/strong><\/i><\/a><i><strong>.<\/strong><\/i><\/span><\/p>\n<p>&nbsp;<\/p>\n","protected":false},"featured_media":21156,"template":"","meta":{"_acf_changed":false},"product_brand":[],"product_cat":[288,58],"product_tag":[184,186,185],"class_list":{"0":"post-4026","1":"product","2":"type-product","3":"status-publish","4":"has-post-thumbnail","6":"product_cat-lavoratori","7":"product_cat-salute-sicurezza","8":"product_tag-aula","9":"product_tag-e-learning","10":"product_tag-webinar","11":"pa_tipo-erogazione-e-learning","12":"pa_tipo-erogazione-in-aula","13":"pa_tipo-erogazione-webinar","15":"first","16":"instock","17":"taxable","18":"shipping-taxable","19":"purchasable","20":"product-type-variable"},"acf":[],"_links":{"self":[{"href":"https:\/\/uomoeambiente.com\/en\/wp-json\/wp\/v2\/product\/4026","targetHints":{"allow":["GET"]}}],"collection":[{"href":"https:\/\/uomoeambiente.com\/en\/wp-json\/wp\/v2\/product"}],"about":[{"href":"https:\/\/uomoeambiente.com\/en\/wp-json\/wp\/v2\/types\/product"}],"wp:featuredmedia":[{"embeddable":true,"href":"https:\/\/uomoeambiente.com\/en\/wp-json\/wp\/v2\/media\/21156"}],"wp:attachment":[{"href":"https:\/\/uomoeambiente.com\/en\/wp-json\/wp\/v2\/media?parent=4026"}],"wp:term":[{"taxonomy":"product_brand","embeddable":true,"href":"https:\/\/uomoeambiente.com\/en\/wp-json\/wp\/v2\/product_brand?post=4026"},{"taxonomy":"product_cat","embeddable":true,"href":"https:\/\/uomoeambiente.com\/en\/wp-json\/wp\/v2\/product_cat?post=4026"},{"taxonomy":"product_tag","embeddable":true,"href":"https:\/\/uomoeambiente.com\/en\/wp-json\/wp\/v2\/product_tag?post=4026"}],"curies":[{"name":"wp","href":"https:\/\/api.w.org\/{rel}","templated":true}]}}